{"id":915,"date":"2024-05-24T16:36:07","date_gmt":"2024-05-24T14:36:07","guid":{"rendered":"https:\/\/psychologuj.pl\/psychoterapia\/?page_id=915"},"modified":"2025-02-24T18:39:54","modified_gmt":"2025-02-24T17:39:54","slug":"certyfikat-psychoterapeuty-gestalt","status":"publish","type":"page","link":"https:\/\/psychologuj.pl\/psychoterapia\/certyfikat-psychoterapeuty-gestalt\/","title":{"rendered":"Certyfikat psychoterapeuty Gestalt"},"content":{"rendered":"<p>Proces kszta\u0142cenia w psychoterapii ze wzgl\u0119du na standardy prawne przyj\u0119te w Polsce obejmuje:<\/p>\n<ol>\n<li>Uko\u0144czenie podyplomowego szkolenia w psychoterapii trwaj\u0105cego co najmniej 4 lata. Szkolenie to musi obejmowa\u0107 co najmniej 1200 godzin kszta\u0142cenia teoretycznego i praktycznego zgodnego z ramowym programem nauczania PRP. Potwierdzenie uko\u0144czenia szkolenia jest dokumentowane za\u015bwiadczeniem lub innym dokumentem.<\/li>\n<li>Spe\u0142nienie dodatkowych wymog\u00f3w opisanych w procedurach certyfikacyjnych poszczeg\u00f3lnych towarzystw i stowarzysze\u0144 psychoterapeutycznych. Te wymogi mog\u0105 dotyczy\u0107 sta\u017cu i praktyki klinicznej oraz superwizji.<\/li>\n<li>Przej\u015bcie egzaminu certyfikacyjnego, kt\u00f3ry jest przeprowadzany przez towarzystwa i stowarzyszenia zrzeszaj\u0105ce psychoterapeut\u00f3w. Egzamin ten jest zewn\u0119trzny i niezale\u017cny od o\u015brodk\u00f3w szkol\u0105cych.<\/li>\n<li>Po uzyskaniu certyfikatu, konieczne jest poddawanie swojej pracy superwizji oraz aktywny udzia\u0142 w formach kszta\u0142cenia ustawicznego, takich jak szkolenia, konferencje naukowe, seminaria kliniczne.<\/li>\n<\/ol>\n<p>Proces kszta\u0142cenia w psychoterapii w Polsce obejmuje zar\u00f3wno edukacj\u0119 teoretyczn\u0105, praktyczn\u0105, jak i dalsze doskonalenie zawodowe, maj\u0105ce na celu zapewnienie wysokiego standardu kompetencji psychoterapeutycznych. Certyfikacja psychoterapeut\u00f3w w Polsce jest w zakresie kompetencji towarzystw i stowarzysze\u0144 zrzeszaj\u0105cych psychoterapeut\u00f3w<b>.<\/b><\/p>\n<h2>Certyfikat Gestalt<\/h2>\n<p>Certyfikat psychoterapeuty Gestalt jest dokumentem stanowi\u0105cym po\u015bwiadczenie uznania profesjonalnych kompetencji w zakresie prowadzenia psychoterapii w nurcie Gestalt. Aby uzyska\u0107 taki certyfikat, kandydat musi przej\u015b\u0107 przez szereg wymog\u00f3w edukacyjnych, praktycznych i superwizyjnych. Posiadanie certyfikatu psychoterapeuty Gestalt oznacza, \u017ce <a href=\"https:\/\/psychologuj.pl\/specjalisci\/psychoterapeuta\">psychoterapeuta<\/a> przeszed\u0142 gruntowne szkolenie i posiada zar\u00f3wno teoretyczne jak i praktyczne kompetencje w stosowaniu technik i metod terapii Gestalt. Certyfikaty otrzymuj\u0105 psychoterapeuci, kt\u00f3rzy maj\u0105 solidne przygotowanie do pracy z klientami w r\u00f3\u017cnych \u015brodowiskach, a ich umiej\u0119tno\u015bci pomagaj\u0105 klientom w rozwijaniu wi\u0119kszej samo\u015bwiadomo\u015bci, zrozumieniu w\u0142asnych relacji oraz skuteczniejszym radzeniu sobie z \u017cyciowymi wyzwaniami.<\/p>\n<p>Certyfikat Gestalt jest przyznawany w efekcie pozytywnego przej\u015bcia procesu atestowania umiej\u0119tno\u015bci nabytych w obszarze terapii i podej\u015bcia Gestalt, b\u0119d\u0105cego jedn\u0105 z technik psychoterapeutycznych oraz rozwoju osobistego. <a href=\"https:\/\/psychologuj.pl\/specjalisci\/psychoterapeuta\/psychoterapia-gestalt\">Terapia Gestalt<\/a> skupia si\u0119 na \u015bwiadomo\u015bci chwili obecnej oraz na bezpo\u015brednim prze\u017cyciu. To podej\u015bcie ca\u0142o\u015bciowe, kt\u00f3re akcentuje pe\u0142ne zrozumienie kontekstu \u017cycia jednostki oraz relacje mi\u0119dzy terapeut\u0105, a klientem.<\/p>\n<h2>Proces uzyskania certyfikatu psychoterapeuty Gestalt<\/h2>\n<ul>\n<li><strong>Szkolenie Teoretyczne i Praktyczne<br \/>\n<\/strong>Aby zdoby\u0107 certyfikat Gestalt, konieczne jest uko\u0144czenie specjalistycznego szkolenia, kt\u00f3re zwykle obejmuje dog\u0142\u0119bne badania teoretyczne i praktyczne, oraz praktyk\u0119 kliniczn\u0105 pod nadzorem. Kandydat musi uko\u0144czy\u0107 ca\u0142o\u015bciowy program szkoleniowy w zakresie psychoterapii Gestalt. Te programy trwaj\u0105 zazwyczaj cztery lata, s\u0105 cz\u0119sto organizowane przez instytuty terapeutyczne lub szko\u0142y psychoterapii specjalizuj\u0105ce si\u0119 w terapii Gestalt i obejmuje zar\u00f3wno teori\u0119, jak i praktyk\u0119. Szkolenie psychoterapeutyczne cz\u0119sto dzieli si\u0119 na rok rozwojowy oraz trzyletni program specjalistyczny.<\/li>\n<li><strong>Superwizja<br \/>\n<\/strong>W trakcie i po zako\u0144czeniu szkolenia kandydat musi odby\u0107 okre\u015blon\u0105 liczb\u0119 godzin superwizji, czyli konsultacji i nadzoru nad swoj\u0105 prac\u0105 terapeutyczn\u0105 prowadzonego przez do\u015bwiadczonego psychoterapeut\u0119 Gestalt, kt\u00f3ry ocenia zgodno\u015b\u0107 praktyki terapeutycznej ze standardami nurtu.<\/li>\n<li><strong>Praktyka kliniczna<br \/>\n<\/strong>Kandydat musi r\u00f3wnie\u017c zgromadzi\u0107 odpowiedni\u0105 ilo\u015b\u0107 godzin praktyki klinicznej, prowadz\u0105c psychoterapi\u0119 pod nadzorem.<\/li>\n<li><strong>Egzamin ko\u0144cowy<br \/>\n<\/strong>Niekt\u00f3re instytucje wymagaj\u0105 zdania egzaminu ko\u0144cowego, kt\u00f3ry mo\u017ce obejmowa\u0107 zar\u00f3wno cz\u0119\u015b\u0107 teoretyczn\u0105, jak i praktyczn\u0105.<\/li>\n<li><strong>Spe\u0142nienie Standard\u00f3w EAGT lub Polskiego Towarzystwa Psychoterapii Gestalt<br \/>\n<\/strong>Wiele szk\u00f3\u0142 i instytut\u00f3w psychoterapii Gestalt dzia\u0142a zgodnie ze standardami Europejskiego Stowarzyszenia Terapii Gestalt (EAGT) lub Polskiego Towarzystwa Psychoterapii Gestalt (PTPG). Uko\u0144czenie programu szkoleniowego zgodnego z tymi standardami umo\u017cliwia ubieganie si\u0119 o certyfikat EAGT lub PTPG.<\/li>\n<\/ul>\n<p>Po spe\u0142nieniu wszystkich powy\u017cszych wymaga\u0144, kandydat mo\u017ce ubiega\u0107 si\u0119 o certyfikat, kt\u00f3ry potwierdza jego kwalifikacje do prowadzenia psychoterapii w nurcie Gestalt. Certyfikat ten jest uznawany w wielu krajach europejskich i zapewnia wysokie standardy profesjonalne.<\/p>\n<h2>Certyfikat PTPG<\/h2>\n<p>Polskie Towarzystwo Psychoterapii Gestalt (PTPG) jest organizacj\u0105 zrzeszon\u0105 z Europejskim Towarzystwem Psychoterapii Gestalt (EAGT), skupiaj\u0105c\u0105 psychoterapeut\u00f3w oraz osoby szkol\u0105ce si\u0119 w nurcie Gestalt. Certyfikacja w PTPG nie wymaga posiadania certyfikatu EAGT. Certyfikat Psychoterapeuty wydawany przez PTPG spe\u0142nia zalecenia zawarte w rozporz\u0105dzeniu Ministra Zdrowia z 2021 roku dotycz\u0105cym \u015bwiadcze\u0144 gwarantowanych w obszarze opieki psychiatrycznej i <a href=\"https:\/\/www.osrodekarka.com.pl\/leczenie-uzaleznien\/\" target=\"_blank\" rel=\"noopener\">leczenia uzale\u017cnie\u0144<\/a>. Ponadto, certyfikat ten jest zgodny z wymogami okre\u015blonymi w art. 87 ust. 3 pkt. 1 lit. c Ustawy o ochronie zdrowia psychicznego. Jest to potwierdzenie, \u017ce osoby posiadaj\u0105ce ten certyfikat s\u0105 kwalifikowane do wykonywania zawodu psychoterapeuty zgodnie z obowi\u0105zuj\u0105cymi standardami i regulacjami.<\/p>\n<p><strong>Certyfikat psychoterapeuty Gestalt Polskiego Towarzystwa Psychoterapii Gestalt<\/strong><\/p>\n<p>Proces uzyskania Certyfikatu Psychoterapeuty wydawanego przez PTPG obejmuje szereg krok\u00f3w, takich jak:<\/p>\n<ol>\n<li>Odbycie szkolenia w psychoterapii zgodnego ze standardami EAGT oraz minimalnymi wymogami szkoleniowymi PRP, w wymiarze okre\u015blonym w przepisach Ministerstwa Zdrowia. Potwierdzenie uko\u0144czenia szkolenia jest dokumentowane przez o\u015brodek szkol\u0105cy, na przyk\u0142ad poprzez za\u015bwiadczenie lub dyplom.<\/li>\n<li>Uzyskanie praktyki psychoterapeutycznej, kt\u00f3ra jest cz\u0119\u015bci\u0105 procesu kszta\u0142cenia i umo\u017cliwia zdobycie do\u015bwiadczenia w pracy terapeutycznej.<\/li>\n<li>Odbycie sta\u017cu klinicznego, kt\u00f3ry pozwala na praktyczne stosowanie zdobytej wiedzy pod nadzorem do\u015bwiadczonego terapeuty.<\/li>\n<li>Przej\u015bcie przez proces superwizji, kt\u00f3ry umo\u017cliwia refleksj\u0119 nad w\u0142asn\u0105 praktyk\u0105 terapeutyczn\u0105 oraz daje wsparcie i wskaz\u00f3wki od do\u015bwiadczonego superwizora.<\/li>\n<li>Przygotowanie opisu przypadku, kt\u00f3ry stanowi dokumentacj\u0119 praktyki terapeutycznej oraz umo\u017cliwia ocen\u0119 umiej\u0119tno\u015bci terapeutycznych przez Komisj\u0119 Egzaminacyjn\u0105.<\/li>\n<li>Z\u0142o\u017cenie egzaminu certyfikacyjnego przed Komisj\u0105 Egzaminacyjn\u0105 powo\u0142ywan\u0105 przez PTPG. Przyst\u0119puj\u0105c do egzaminu, kandydat musi by\u0107 cz\u0142onkiem PTPG od co najmniej 4 miesi\u0119cy.<\/li>\n<\/ol>\n<p><strong>Wymagania certyfikacyjne PTPG<\/strong><\/p>\n<ol>\n<li><strong>Cz\u0142onkostwo w PTPG:<\/strong>\n<ul>\n<li>Kandydat musi by\u0107 cz\u0142onkiem Towarzystwa przez co najmniej 4 miesi\u0105ce i przestrzega\u0107 kodeksu etyki PTPG.<\/li>\n<\/ul>\n<\/li>\n<li><strong>Wykszta\u0142cenie:<\/strong>\n<ul>\n<li>Uko\u0144czenie studi\u00f3w wy\u017cszych, potwierdzone kwalifikacj\u0105 na poziomie VII PRK, co oznacza posiadanie dyplomu uko\u0144czenia jednolitych studi\u00f3w magisterskich lub studi\u00f3w II stopnia.<\/li>\n<\/ul>\n<\/li>\n<li><strong>Szkolenie merytoryczne i praktyczne (1450 godzin):<\/strong>\n<ul>\n<li><strong>Teoria i metodologia:<\/strong> Minimum 600 godzin.<\/li>\n<li><strong>Sta\u017c kliniczny:<\/strong> Co najmniej 400 godzin, z czego:\n<ul>\n<li>Minimum 150 godzin na oddzia\u0142ach psychiatrycznych lub izbach przyj\u0119\u0107 przy oddziale psychiatrycznym.<\/li>\n<li>Maksymalnie 250 godzin w podmiotach leczniczych, poradniach lub gabinetach.<\/li>\n<\/ul>\n<\/li>\n<li><strong>Psychoterapia w\u0142asna:<\/strong> 250 godzin, w tym:\n<ul>\n<li>Co najmniej 100 godzin terapii indywidualnej.<\/li>\n<li>Maksymalnie 150 godzin terapii grupowej.<\/li>\n<\/ul>\n<\/li>\n<li><strong>Superwizja:<\/strong> 150 godzin.<\/li>\n<li><strong>Warsztaty, seminaria, konferencje w konwencji Gestalt:<\/strong> 50 godzin.<\/li>\n<\/ul>\n<\/li>\n<li><strong>Opis przypadku:<\/strong>\n<ul>\n<li>Opis procesu psychoterapeutycznego trwaj\u0105cego co najmniej rok, kt\u00f3ry zosta\u0142 zako\u0144czony.<\/li>\n<\/ul>\n<\/li>\n<li><strong>Egzamin:<\/strong>\n<ul>\n<li>Zako\u0144czony pozytywnym wynikiem.<\/li>\n<\/ul>\n<\/li>\n<\/ol>\n<p>Proces uzyskania Certyfikatu Psychoterapeuty w PTPG wymaga od kandydata uko\u0144czenia odpowiedniego szkolenia, zdobycia praktyki i do\u015bwiadczenia, a tak\u017ce przej\u015bcia przez r\u00f3\u017cne etapy oceny i egzaminacyjne, kt\u00f3re zapewniaj\u0105 wysoki standard kompetencji w dziedzinie psychoterapii.<\/p>\n<p>Certyfikat Psychoterapeuty wydawany przez Polskie Towarzystwo Psychoterapii Gestalt jest wa\u017cny przez 5 lat i podlega odnowieniu. Warunkiem przed\u0142u\u017cenia wa\u017cno\u015bci certyfikatu s\u0105: praktyka psychoterapeutyczna, udokumentowane uczestnictwo w superwizji, udzia\u0142 w seminariach klinicznych, warsztatach i innych formach doskonalenia zawodowego. PTPG b\u0119d\u0105ce jedn\u0105 z najwi\u0119kszych profesjonalnych organizacji zrzeszaj\u0105cych psychoterapeut\u00f3w, przeprowadza egzaminy certyfikacyjne, kt\u00f3re s\u0105 zewn\u0119trzne i niezale\u017cne od o\u015brodk\u00f3w szkol\u0105cych. Organizacja prowadzi tak\u017ce ewidencj\u0119 wydanych certyfikat\u00f3w i list\u0119 certyfikowanych psychoterapeut\u00f3w.<\/p>\n<p>PTPG posiada akredytacj\u0119 National Organization of Gestalt Therapy (NOGT) EAGT, co zapewnia wysoki standard wydawanych certyfikat\u00f3w. Warunki przed\u0142u\u017cenia wa\u017cno\u015bci Certyfikatu Psychoterapeuty oraz cz\u0142onkostwa pe\u0142nego w EAGT s\u0105 zbli\u017cone. Istnieje r\u00f3wnie\u017c mo\u017cliwo\u015b\u0107 ubiegania si\u0119 o certyfikat przez osoby, kt\u00f3re uko\u0144czy\u0142y szkolenie inne ni\u017c akredytowane przez EAGT, na przyk\u0142ad szkolenie poza Polsk\u0105 lub rozpocz\u0119\u0142y szkolenie przed 2007 rokiem.<\/p>\n<p>Warto zaznaczy\u0107, \u017ce do uzyskania Certyfikatu Psychoterapeuty wydawanego przez PTPG nie jest wymagane posiadanie certyfikatu wydanego przez EAGT lub inne towarzystwa lub podmioty. Organizacja sama ocenia kwalifikacje kandydat\u00f3w i zapewnia wysoki standard profesjonalizmu w dziedzinie psychoterapii Gestalt.<\/p>\n<p>www.gestaltpolska.org.pl<\/p>\n\n\n<div class=\"kk-star-ratings kksr-auto kksr-align-left kksr-valign-bottom\"\n    data-payload='{&quot;align&quot;:&quot;left&quot;,&quot;id&quot;:&quot;915&quot;,&quot;slug&quot;:&quot;default&quot;,&quot;valign&quot;:&quot;bottom&quot;,&quot;ignore&quot;:&quot;&quot;,&quot;reference&quot;:&quot;auto&quot;,&quot;class&quot;:&quot;&quot;,&quot;count&quot;:&quot;1&quot;,&quot;legendonly&quot;:&quot;&quot;,&quot;readonly&quot;:&quot;&quot;,&quot;score&quot;:&quot;5&quot;,&quot;starsonly&quot;:&quot;&quot;,&quot;best&quot;:&quot;5&quot;,&quot;gap&quot;:&quot;5&quot;,&quot;greet&quot;:&quot;Twoja ocena&quot;,&quot;legend&quot;:&quot;Ocena 5\\\/5 - (1 g\u0142os\u00f3w)&quot;,&quot;size&quot;:&quot;24&quot;,&quot;title&quot;:&quot;Certyfikat psychoterapeuty Gestalt&quot;,&quot;width&quot;:&quot;142.5&quot;,&quot;_legend&quot;:&quot;Ocena {score}\\\/{best} - ({count} g\u0142os\u00f3w)&quot;,&quot;font_factor&quot;:&quot;1.25&quot;}'>\n            \n<div class=\"kksr-stars\">\n    \n<div class=\"kksr-stars-inactive\">\n            <div class=\"kksr-star\" data-star=\"1\" style=\"padding-right: 5px\">\n            \n\n<div class=\"kksr-icon\" style=\"width: 24px; height: 24px;\"><\/div>\n        <\/div>\n            <div class=\"kksr-star\" data-star=\"2\" style=\"padding-right: 5px\">\n            \n\n<div class=\"kksr-icon\" style=\"width: 24px; height: 24px;\"><\/div>\n        <\/div>\n            <div class=\"kksr-star\" data-star=\"3\" style=\"padding-right: 5px\">\n            \n\n<div class=\"kksr-icon\" style=\"width: 24px; height: 24px;\"><\/div>\n        <\/div>\n            <div class=\"kksr-star\" data-star=\"4\" style=\"padding-right: 5px\">\n            \n\n<div class=\"kksr-icon\" style=\"width: 24px; height: 24px;\"><\/div>\n        <\/div>\n            <div class=\"kksr-star\" data-star=\"5\" style=\"padding-right: 5px\">\n            \n\n<div class=\"kksr-icon\" style=\"width: 24px; height: 24px;\"><\/div>\n        <\/div>\n    <\/div>\n    \n<div class=\"kksr-stars-active\" style=\"width: 142.5px;\">\n            <div class=\"kksr-star\" style=\"padding-right: 5px\">\n            \n\n<div class=\"kksr-icon\" style=\"width: 24px; height: 24px;\"><\/div>\n        <\/div>\n            <div class=\"kksr-star\" style=\"padding-right: 5px\">\n            \n\n<div class=\"kksr-icon\" style=\"width: 24px; height: 24px;\"><\/div>\n        <\/div>\n            <div class=\"kksr-star\" style=\"padding-right: 5px\">\n            \n\n<div class=\"kksr-icon\" style=\"width: 24px; height: 24px;\"><\/div>\n        <\/div>\n            <div class=\"kksr-star\" style=\"padding-right: 5px\">\n            \n\n<div class=\"kksr-icon\" style=\"width: 24px; height: 24px;\"><\/div>\n        <\/div>\n            <div class=\"kksr-star\" style=\"padding-right: 5px\">\n            \n\n<div class=\"kksr-icon\" style=\"width: 24px; height: 24px;\"><\/div>\n        <\/div>\n    <\/div>\n<\/div>\n                \n\n<div class=\"kksr-legend\" style=\"font-size: 19.2px;\">\n            Ocena 5\/5 - (1 g\u0142os\u00f3w)    <\/div>\n    <\/div>\n","protected":false},"excerpt":{"rendered":"<p>Proces kszta\u0142cenia w psychoterapii ze wzgl\u0119du na standardy prawne przyj\u0119te w Polsce obejmuje: Uko\u0144czenie podyplomowego szkolenia w psychoterapii trwaj\u0105cego co najmniej 4 lata. Szkolenie to musi obejmowa\u0107 co najmniej 1200 godzin kszta\u0142cenia teoretycznego i praktycznego zgodnego z ramowym programem nauczania PRP. Potwierdzenie uko\u0144czenia szkolenia jest dokumentowane za\u015bwiadczeniem lub innym dokumentem. Spe\u0142nienie dodatkowych wymog\u00f3w opisanych w procedurach certyfikacyjnych poszczeg\u00f3lnych towarzystw i stowarzysze\u0144 psychoterapeutycznych. Te wymogi mog\u0105 dotyczy\u0107 sta\u017cu i praktyki klinicznej oraz superwizji. Przej\u015bcie egzaminu certyfikacyjnego, kt\u00f3ry jest przeprowadzany przez towarzystwa i stowarzyszenia zrzeszaj\u0105ce psychoterapeut\u00f3w. Egzamin ten jest zewn\u0119trzny i niezale\u017cny od o\u015brodk\u00f3w szkol\u0105cych. Po uzyskaniu certyfikatu, konieczne jest poddawanie swojej &hellip; <\/p>\n","protected":false},"author":1,"featured_media":0,"parent":0,"menu_order":0,"comment_status":"closed","ping_status":"closed","template":"","meta":{"footnotes":""},"class_list":["post-915","page","type-page","status-publish","hentry"],"_links":{"self":[{"href":"https:\/\/psychologuj.pl\/psychoterapia\/wp-json\/wp\/v2\/pages\/915","targetHints":{"allow":["GET"]}}],"collection":[{"href":"https:\/\/psychologuj.pl\/psychoterapia\/wp-json\/wp\/v2\/pages"}],"about":[{"href":"https:\/\/psychologuj.pl\/psychoterapia\/wp-json\/wp\/v2\/types\/page"}],"author":[{"embeddable":true,"href":"https:\/\/psychologuj.pl\/psychoterapia\/wp-json\/wp\/v2\/users\/1"}],"replies":[{"embeddable":true,"href":"https:\/\/psychologuj.pl\/psychoterapia\/wp-json\/wp\/v2\/comments?post=915"}],"version-history":[{"count":3,"href":"https:\/\/psychologuj.pl\/psychoterapia\/wp-json\/wp\/v2\/pages\/915\/revisions"}],"predecessor-version":[{"id":1396,"href":"https:\/\/psychologuj.pl\/psychoterapia\/wp-json\/wp\/v2\/pages\/915\/revisions\/1396"}],"wp:attachment":[{"href":"https:\/\/psychologuj.pl\/psychoterapia\/wp-json\/wp\/v2\/media?parent=915"}],"curies":[{"name":"wp","href":"https:\/\/api.w.org\/{rel}","templated":true}]}}