{"id":1072,"date":"2024-06-16T18:34:23","date_gmt":"2024-06-16T16:34:23","guid":{"rendered":"https:\/\/psychologuj.pl\/psychoterapia\/?page_id=1072"},"modified":"2025-02-24T18:48:41","modified_gmt":"2025-02-24T17:48:41","slug":"znani-psychoterapeuci","status":"publish","type":"page","link":"https:\/\/psychologuj.pl\/psychoterapia\/znani-psychoterapeuci\/","title":{"rendered":"Znani psychoterapeuci"},"content":{"rendered":"<p>Aaron Beck<br \/>\nAd Verheul<br \/>\nAlbert Ellis<br \/>\nAleksander Araszkiewicz<br \/>\nAleksandr Rapoport<br \/>\nAlexander Lowen<br \/>\nAlice Miller<br \/>\nAlysa Stanton<br \/>\nAnatolij Kaszpirowski<br \/>\nAndrzej Samson<br \/>\nAnna Dodziuk<br \/>\n<a href=\"https:\/\/psychologuj.pl\/psychoterapia\/anna-freud\/\">Anna Freud<\/a><br \/>\nAnthony de Mello<br \/>\nArnold Mindell<br \/>\nArthur Janov<br \/>\nBarbara J\u00f3zefik<br \/>\nBert Hellinger<br \/>\nBogus\u0142aw Szpakowski<br \/>\nBoles\u0142aw G\u0142adych<br \/>\nCarl Gustav Jung<br \/>\nCarl Rogers<br \/>\nCharlotte Wolff<br \/>\nDaniel Helminiak<br \/>\nDavid Augsburger<br \/>\nDawid Bie\u0144kowski<br \/>\n<a href=\"https:\/\/psychologuj.pl\/psychoterapia\/donald-winnicott\/\">Donald Winnicott<\/a><br \/>\nEdith Jacobson<br \/>\nEl\u017cbieta Podle\u015bna<br \/>\nErich Fromm<br \/>\nErnest Lawrence Rossi<br \/>\nEwa Woydy\u0142\u0142o-Osiaty\u0144ska<br \/>\nFritz Perls<br \/>\nGerard van den Aardweg<br \/>\nGuy Ausloos<br \/>\nHans-Werner Gessmann<br \/>\nHermann Rorschach<br \/>\nInsoo Kim Berg<br \/>\nIrvin Yalom<br \/>\nJacek Santorski<br \/>\nJacques Lacan<br \/>\nJan Masiel<br \/>\nJay Haley<br \/>\nJerzy Mellibruda<br \/>\nJerzy Owsiak<br \/>\nJohannes Heinrich Schultz<br \/>\nJohn C. Pierrakos<br \/>\nJohn Gray<br \/>\nJoseph Nicolosi<br \/>\n<a href=\"https:\/\/psychologuj.pl\/psychoterapia\/joseph-wolpe\/\">Joseph Wolpe<\/a><br \/>\nJ\u00fcrg Willi<br \/>\nJustyna D\u0105browska<br \/>\nKatarzyna Miller<br \/>\nKatarzyna Szauli\u0144ska<br \/>\nKazimierz Jan Szczerba<br \/>\nKrzysztof Ma\u0142yszczak<br \/>\nLech \u017bukowski<br \/>\nLidia Grzesiuk<br \/>\nLidzija \u0141ysiuk<br \/>\n<a href=\"https:\/\/psychologuj.pl\/psychoterapia\/lukasz-muldner-nieckowski\/\">\u0141ukasz M\u00fcldner-Nieckowski<\/a><br \/>\nLydia Benecke<br \/>\nMagdalena Modzelewska-Rybicka<br \/>\nMagdalena Sendecka<br \/>\nMa\u0142gorzata Ko\u015bcielska<br \/>\nMarcin Gajda<br \/>\nMargaret Mahler<br \/>\nMaria Rita Parsi<br \/>\nMaria Siwiak-Kobayashi<br \/>\nMateusz Gola<br \/>\n<a href=\"https:\/\/psychologuj.pl\/psychoterapia\/melanie-klein\/\">Melanie Klein<\/a><br \/>\nMilton Erickson<br \/>\nMiros\u0142awa Huflejt-\u0141ukasik<br \/>\nNossrat Peseschkian<br \/>\nOlga Tokarczuk<br \/>\nPaul Watzlawick<br \/>\nPavel K\u0159\u00ed\u017e<br \/>\nPetr Weiss<br \/>\nRaimundas Alekna<br \/>\nRimantas Ko\u010di\u016bnas<br \/>\nRoberto Assagioli<br \/>\nRollo May<br \/>\nSalvador Minuchin<br \/>\nStanley Greenspan<br \/>\nStephen M. Johnson<br \/>\nSteve Abadie-Rosier<br \/>\nThomas Gordon<br \/>\nTomasz Kruszewski<br \/>\nTomasz Szwed<br \/>\nValerio Albisetti<br \/>\nViktor Frankl<br \/>\nVirginia Satir<br \/>\nWanda Badura-Madej<br \/>\nWerner J. Meinhold<br \/>\nWojciech Eichelberger<br \/>\nWulf Dorn<br \/>\nZofia Aleszko<br \/>\nZofia Milska-Wrzosi\u0144ska<br \/>\n<a href=\"https:\/\/psychologuj.pl\/psychoterapia\/zygmunt-freud\/\">Zygmunt Freud<\/a><\/p>\n<hr \/>\n<p><strong><a href=\"https:\/\/psychologuj.pl\/psychologia\/znani-psychologowie\/\">Znani psychologowie<\/a><\/strong><\/p>\n\n\n<div class=\"kk-star-ratings kksr-auto kksr-align-left kksr-valign-bottom\"\n    data-payload='{&quot;align&quot;:&quot;left&quot;,&quot;id&quot;:&quot;1072&quot;,&quot;slug&quot;:&quot;default&quot;,&quot;valign&quot;:&quot;bottom&quot;,&quot;ignore&quot;:&quot;&quot;,&quot;reference&quot;:&quot;auto&quot;,&quot;class&quot;:&quot;&quot;,&quot;count&quot;:&quot;3&quot;,&quot;legendonly&quot;:&quot;&quot;,&quot;readonly&quot;:&quot;&quot;,&quot;score&quot;:&quot;5&quot;,&quot;starsonly&quot;:&quot;&quot;,&quot;best&quot;:&quot;5&quot;,&quot;gap&quot;:&quot;5&quot;,&quot;greet&quot;:&quot;Twoja ocena&quot;,&quot;legend&quot;:&quot;Ocena 5\\\/5 - (3 g\u0142os\u00f3w)&quot;,&quot;size&quot;:&quot;24&quot;,&quot;title&quot;:&quot;Znani psychoterapeuci&quot;,&quot;width&quot;:&quot;142.5&quot;,&quot;_legend&quot;:&quot;Ocena {score}\\\/{best} - ({count} g\u0142os\u00f3w)&quot;,&quot;font_factor&quot;:&quot;1.25&quot;}'>\n            \n<div class=\"kksr-stars\">\n    \n<div class=\"kksr-stars-inactive\">\n            <div class=\"kksr-star\" data-star=\"1\" style=\"padding-right: 5px\">\n            \n\n<div class=\"kksr-icon\" style=\"width: 24px; height: 24px;\"><\/div>\n        <\/div>\n            <div class=\"kksr-star\" data-star=\"2\" style=\"padding-right: 5px\">\n            \n\n<div class=\"kksr-icon\" style=\"width: 24px; height: 24px;\"><\/div>\n        <\/div>\n            <div class=\"kksr-star\" data-star=\"3\" style=\"padding-right: 5px\">\n            \n\n<div class=\"kksr-icon\" style=\"width: 24px; height: 24px;\"><\/div>\n        <\/div>\n            <div class=\"kksr-star\" data-star=\"4\" style=\"padding-right: 5px\">\n            \n\n<div class=\"kksr-icon\" style=\"width: 24px; height: 24px;\"><\/div>\n        <\/div>\n            <div class=\"kksr-star\" data-star=\"5\" style=\"padding-right: 5px\">\n            \n\n<div class=\"kksr-icon\" style=\"width: 24px; height: 24px;\"><\/div>\n        <\/div>\n    <\/div>\n    \n<div class=\"kksr-stars-active\" style=\"width: 142.5px;\">\n            <div class=\"kksr-star\" style=\"padding-right: 5px\">\n            \n\n<div class=\"kksr-icon\" style=\"width: 24px; height: 24px;\"><\/div>\n        <\/div>\n            <div class=\"kksr-star\" style=\"padding-right: 5px\">\n            \n\n<div class=\"kksr-icon\" style=\"width: 24px; height: 24px;\"><\/div>\n        <\/div>\n            <div class=\"kksr-star\" style=\"padding-right: 5px\">\n            \n\n<div class=\"kksr-icon\" style=\"width: 24px; height: 24px;\"><\/div>\n        <\/div>\n            <div class=\"kksr-star\" style=\"padding-right: 5px\">\n            \n\n<div class=\"kksr-icon\" style=\"width: 24px; height: 24px;\"><\/div>\n        <\/div>\n            <div class=\"kksr-star\" style=\"padding-right: 5px\">\n            \n\n<div class=\"kksr-icon\" style=\"width: 24px; height: 24px;\"><\/div>\n        <\/div>\n    <\/div>\n<\/div>\n                \n\n<div class=\"kksr-legend\" style=\"font-size: 19.2px;\">\n            Ocena 5\/5 - (3 g\u0142os\u00f3w)    <\/div>\n    <\/div>\n","protected":false},"excerpt":{"rendered":"<p>Aaron Beck Ad Verheul Albert Ellis Aleksander Araszkiewicz Aleksandr Rapoport Alexander Lowen Alice Miller Alysa Stanton Anatolij Kaszpirowski Andrzej Samson Anna Dodziuk Anna Freud Anthony de Mello Arnold Mindell Arthur Janov Barbara J\u00f3zefik Bert Hellinger Bogus\u0142aw Szpakowski Boles\u0142aw G\u0142adych Carl Gustav Jung Carl Rogers Charlotte Wolff Daniel Helminiak David Augsburger Dawid Bie\u0144kowski Donald Winnicott Edith Jacobson El\u017cbieta Podle\u015bna Erich Fromm Ernest Lawrence Rossi Ewa Woydy\u0142\u0142o-Osiaty\u0144ska Fritz Perls Gerard van den Aardweg Guy Ausloos Hans-Werner Gessmann Hermann Rorschach Insoo Kim Berg Irvin Yalom Jacek Santorski Jacques Lacan Jan Masiel Jay Haley Jerzy Mellibruda Jerzy Owsiak Johannes Heinrich Schultz John C. Pierrakos &hellip; <\/p>\n","protected":false},"author":2,"featured_media":0,"parent":0,"menu_order":0,"comment_status":"closed","ping_status":"closed","template":"","meta":{"footnotes":""},"class_list":["post-1072","page","type-page","status-publish","hentry"],"_links":{"self":[{"href":"https:\/\/psychologuj.pl\/psychoterapia\/wp-json\/wp\/v2\/pages\/1072","targetHints":{"allow":["GET"]}}],"collection":[{"href":"https:\/\/psychologuj.pl\/psychoterapia\/wp-json\/wp\/v2\/pages"}],"about":[{"href":"https:\/\/psychologuj.pl\/psychoterapia\/wp-json\/wp\/v2\/types\/page"}],"author":[{"embeddable":true,"href":"https:\/\/psychologuj.pl\/psychoterapia\/wp-json\/wp\/v2\/users\/2"}],"replies":[{"embeddable":true,"href":"https:\/\/psychologuj.pl\/psychoterapia\/wp-json\/wp\/v2\/comments?post=1072"}],"version-history":[{"count":2,"href":"https:\/\/psychologuj.pl\/psychoterapia\/wp-json\/wp\/v2\/pages\/1072\/revisions"}],"predecessor-version":[{"id":1399,"href":"https:\/\/psychologuj.pl\/psychoterapia\/wp-json\/wp\/v2\/pages\/1072\/revisions\/1399"}],"wp:attachment":[{"href":"https:\/\/psychologuj.pl\/psychoterapia\/wp-json\/wp\/v2\/media?parent=1072"}],"curies":[{"name":"wp","href":"https:\/\/api.w.org\/{rel}","templated":true}]}}