{"id":81,"date":"2023-08-11T23:08:16","date_gmt":"2023-08-11T21:08:16","guid":{"rendered":"https:\/\/psychologuj.pl\/?page_id=81"},"modified":"2025-06-05T08:31:05","modified_gmt":"2025-06-05T06:31:05","slug":"wolontariat-psychologia-wroclaw","status":"publish","type":"page","link":"https:\/\/psychologuj.pl\/psychologia\/wolontariat-psychologia-wroclaw\/","title":{"rendered":"Wolontariat Psychologia Wroc\u0142aw"},"content":{"rendered":"<h2>Fundacja SALIDA<\/h2>\n<p><strong>Fundacja SALIDA<\/strong> z Wroc\u0142awia serdecznie zaprasza wszystkie zainteresowane osoby do udzia\u0142u w wolontariacie zwi\u0105zanym z kierunkami takimi jak pedagogika, psychologia, praca socjalna i socjologia.<\/p>\n<p>W ramach oferty wolontariatu gwarantujemy profesjonalne wsparcie merytoryczne oraz okazj\u0119 do zdobycia do\u015bwiadczenia w bezpo\u015brednim kontakcie z klientami. Nasi wolontariusze maj\u0105 szans\u0119 na rozwini\u0119cie swojej samo\u015bwiadomo\u015bci oraz odkrycie swojego indywidualnego stylu pracy. Ponadto, proponujemy uczestnictwo w sesjach superwizyjnych, kt\u00f3re znacz\u0105co wp\u0142ywaj\u0105 na rozw\u00f3j warsztatu oraz jako\u015b\u0107 interakcji z klientami.<\/p>\n<p><strong>Kontakt<\/strong><\/p>\n<p><strong>Fundacja SALIDA<\/strong><\/p>\n<p>ul. Jedno\u015bci Narodowej 153\/1<br \/>\n50-303 Wroc\u0142aw<br \/>\n71 307 01 49<br \/>\n+48 668 351 313<\/p>\n<p>www.fundacjasalida.pl<\/p>\n<p>&nbsp;<\/p>\n<h2>Fundacja &#8222;Promyk S\u0142o\u0144ca&#8221;<\/h2>\n<p>W Centrum Wolontariatu fundacji &#8222;<strong>Promyk S\u0142o\u0144ca<\/strong>&#8221; priorytetem jest stworzenie wzajemnie korzystnej relacji z wolontariuszami. Opr\u00f3cz ich wsparcia dla dzieci z niepe\u0142nosprawno\u015bciami i ich rodzin, pracownicy Centrum d\u0105\u017c\u0105 do ich rozwoju poprzez warsztaty, szkolenia oraz spotkania motywacyjne, podczas kt\u00f3rych mog\u0105 dzieli\u0107 si\u0119 swoimi pomys\u0142ami i uwagami na temat dzia\u0142a\u0144 podejmowanych w ramach Centrum.<\/p>\n<p><strong>Wolontariat rodzinny <\/strong><\/p>\n<p>Wolontariusze odwiedzaj\u0105 dzieci z niepe\u0142nosprawno\u015bciami w ich domach, wykorzystuj\u0105c swoj\u0105 wiedz\u0119 praktyczn\u0105 zdobyt\u0105 podczas studi\u00f3w (np. logopedii, pedagogiki, terapii zaj\u0119ciowej itp.). Mog\u0105 sp\u0119dza\u0107 czas z dzieckiem, pomaga\u0107 w odrabianiu lekcji, czytaniu ksi\u0105\u017cek, zabawie, a tak\u017ce towarzyszy\u0107 w codziennych czynno\u015bciach.<\/p>\n<p><strong>Wolontariat przedszkolny\/szkolny <\/strong><\/p>\n<p>Wolontariusze asystuj\u0105 podczas zaj\u0119\u0107 w przedszkolu\/szkole &#8222;Promyk S\u0142o\u0144ca&#8221;. Po konsultacji z nauczycielami maj\u0105 mo\u017cliwo\u015b\u0107 prowadzenia w\u0142asnych zaj\u0119\u0107, wzbogacaj\u0105c program o swoje zainteresowania i umiej\u0119tno\u015bci, co zawsze cieszy dzieci i przyczynia si\u0119 do ich rozwoju.<\/p>\n<p><strong>Wolontariat akcyjny <\/strong><\/p>\n<p>Wolontariusze uczestnicz\u0105 w r\u00f3\u017cnego rodzaju akcjach organizowanych przez Centrum, takich jak Miko\u0142ajki, Jase\u0142ka, wycieczki czy grupy wsparcia. Maluj\u0105 buzie, prowadz\u0105 animacje, dbaj\u0105 o dobre samopoczucie dzieci i stawiaj\u0105 na ich twarzach u\u015bmiech.<\/p>\n<p><strong>Wolontariat na zaj\u0119ciach grupowych <\/strong><\/p>\n<p>Wolontariusze mog\u0105 uczestniczy\u0107 w zaj\u0119ciach grupowych prowadzonych przez specjalist\u00f3w (psycholog\u00f3w, logoped\u00f3w, fizjoterapeut\u00f3w, pedagog\u00f3w), co daje im mo\u017cliwo\u015b\u0107 bezpo\u015bredniego kontaktu z dzie\u0107mi i poszerzenia swoich umiej\u0119tno\u015bci.<\/p>\n<p><strong>Wolontariat juniora<\/strong><\/p>\n<p>Centrum przygotowuje r\u00f3wnie\u017c program Wolontariatu Juniora dla niepe\u0142noletnich, a planowane jest tak\u017ce wprowadzenie Wolontariatu Seniora, poniewa\u017c dzieci i seniorzy tworz\u0105 \u015bwietne zespo\u0142y!<\/p>\n<p><strong>Jak zosta\u0107 wolontariuszem? <\/strong><\/p>\n<p>Proces w\u0142\u0105czenia si\u0119 do dzia\u0142alno\u015bci Centrum Wolontariatu &#8222;Promyk S\u0142o\u0144ca&#8221; jest prosty i przejrzysty:<\/p>\n<ol>\n<li>Wype\u0142nij formularz zg\u0142oszeniowy i zapoznaj si\u0119 z regulaminem Centrum Wolontariatu.<\/li>\n<li>Po przes\u0142aniu formularza oczekuj na kontakt od koordynatora, kt\u00f3ry om\u00f3wi z Tob\u0105 szczeg\u00f3\u0142y.<\/li>\n<li>Podpisz porozumienie i rozpocznij dzia\u0142anie!<\/li>\n<\/ol>\n<p>Promyk S\u0142o\u0144ca gwarantuje szereg korzy\u015bci swoich wolontariuszy, w tym szkolenia z zakresu pierwszej pomocy, pracy z dzie\u0107mi z niepe\u0142nosprawno\u015bciami, obs\u0142ugi sprz\u0119tu medycznego, a tak\u017ce warsztaty arteterapeutyczne czy muzykoterapeutyczne.<\/p>\n<p><strong>Kontakt <\/strong><\/p>\n<p><strong>Centrum Wolontariatu Fundacji \u201ePromyk S\u0142o\u0144ca\u201d<\/strong><br \/>\nul. Swobodna 8a,<br \/>\n50-088 Wroc\u0142aw<br \/>\nV pi\u0119tro, Pok\u00f3j 504<br \/>\ntel.: 603 503 396<br \/>\ne-mail: wolontariat@promykslonca.pl<br \/>\nwww.promykslonca.pl\/dla-wolontariuszy\/<\/p>\n<p>&nbsp;<\/p>\n<h2>Powiatowe Centrum Pomocy Rodzinie we Wroc\u0142awiu<\/h2>\n<p><strong>Powiatowe Centrum Pomocy Rodzinie we Wroc\u0142awiu<\/strong> aktywnie wykorzystuje wsparcie wolontariuszy oraz specjalist\u00f3w w r\u00f3\u017cnych dziedzinach. Przez ca\u0142y rok, PCPR anga\u017cuje wolontariuszy do r\u00f3\u017cnorodnych zada\u0144, w tym pomocy przy opiece i wychowaniu dzieci umieszczonych w Rodzinie Zast\u0119pczej lub Rodzinnym Domu Dziecka, organizacji wydarze\u0144 oraz wsp\u00f3lnego sp\u0119dzania czasu z podopiecznymi. Dodatkowo, korzysta z pomocy grafik\u00f3w, animator\u00f3w zabaw i innych specjalist\u00f3w, kt\u00f3rzy wspieraj\u0105 bie\u017c\u0105ce dzia\u0142ania centrum. Istotnym elementem jest r\u00f3wnie\u017c promocja wolontariatu i poszukiwanie nowych wolontariuszy oraz kandydat\u00f3w na rodzic\u00f3w zast\u0119pczych. Dzi\u0119ki zaanga\u017cowaniu wolontariuszy i specjalist\u00f3w, PCPR skutecznie realizuje swoje zadania na rzecz os\u00f3b potrzebuj\u0105cych pomocy i wsparcia.<\/p>\n<p>Proces aplikowania na wolontariat w PCPR sk\u0142ada si\u0119 z trzech krok\u00f3w:<\/p>\n<ol>\n<li>Wype\u0142nij ankiet\u0119 kandydata na wolontariusza oraz przygotuj CV, a nast\u0119pnie wy\u015blij je na adres e-mail: pcpr@pcpr.wroclaw.pl<\/li>\n<li>Je\u015bli Twoja aplikacja zostanie pozytywnie oceniona, zostaniesz zaproszony na spotkanie w siedzibie PCPR we Wroc\u0142awiu przy ul. T. Ko\u015bciuszki 131.<\/li>\n<li>Po pomy\u015blnym przebiegu rozmowy i podj\u0119ciu decyzji o zostaniu wolontariuszem, podpiszesz porozumienie o wolontariacie i oficjalnie do\u0142\u0105czysz do zespo\u0142u.<\/li>\n<\/ol>\n<p>Przed wys\u0142aniem aplikacji wa\u017cne jest zapoznanie si\u0119 z informacjami dotycz\u0105cymi wolontariatu w PCPR. Przede wszystkim, wolontariat jest mo\u017cliwy wy\u0142\u0105cznie na terenie Powiatu Wroc\u0142awskiego, obejmuj\u0105cego okre\u015blone gminy. Centrum zapewnia zwrot koszt\u00f3w komunikacji publicznej z miejsca zamieszkania wolontariusza do miejsca wykonywania \u015bwiadcze\u0144. PCPR prowadzi sta\u0142\u0105 rekrutacj\u0119 przez ca\u0142y rok, zapewniaj\u0105c szkolenia wst\u0119pne oraz umow\u0119 wolontariack\u0105 dla zaakceptowanych kandydat\u00f3w. W trakcie dzia\u0142ania w wolontariacie, zapewniane jest wsparcie pedagoga, psychologa oraz pracownika socjalnego, kt\u00f3rzy s\u0142u\u017c\u0105 pomoc\u0105 w rozwi\u0105zywaniu trudnych sytuacji i dziel\u0105 si\u0119 swoj\u0105 wiedz\u0105 i do\u015bwiadczeniem. Ilo\u015b\u0107 godzin pracy wolontariusza jest uzale\u017cniona od potrzeb rodziny zast\u0119pczej oraz dost\u0119pno\u015bci czasowej wolontariusza, jednak nie mniej ni\u017c 1,5 godziny tygodniowo.<\/p>\n<p><strong>Kontakt<\/strong><br \/>\ntel. 71\/72 21 860,<br \/>\nPowiatowe Centrum Pomocy Rodzinie we Wroc\u0142awiu,<br \/>\nul. Ko\u015bciuszki 131, IV pi\u0119tro, pok. 436,<br \/>\nhttps:\/\/pcpr.wroclaw.pl\/<br \/>\ne-mail: pcpr@pcpr.wroclaw.pl<\/p>\n<p>&nbsp;<\/p>\n<h2>Fundacja NON LICET<\/h2>\n<p><strong>Fundacja NON LICET<\/strong> oferuje wsparcie osobom dotkni\u0119tym trudno\u015bciami materialnymi i spo\u0142ecznymi, zw\u0142aszcza tym do\u015bwiadczaj\u0105cym przemocy domowej i problem\u00f3w psychicznych. Jej dzia\u0142ania obejmuj\u0105 udzielanie kompleksowej pomocy osobom w kryzysie, zw\u0142aszcza ofiarom przemocy w rodzinie, wspieranie wszechstronnego rozwoju dzieci i m\u0142odzie\u017cy z rodzin dysfunkcyjnych, \u015bwiadczenie wsparcia merytorycznego i doradztwa w r\u00f3\u017cnych aspektach problemu przemocy, w tym molestowania seksualnego, informowanie spo\u0142ecze\u0144stwa na temat problemu przemocy w rodzinach oraz tworzenie atmosfery sprzyjaj\u0105cej dzia\u0142aniom na rzecz tych rodzin.<\/p>\n<p><strong>Kontakt<\/strong><\/p>\n<p>ul. Stalowa 6A<br \/>\n53-425 Wroc\u0142aw<br \/>\ntelefon: 572 108 352<br \/>\ne-mail: fundacja@nonlicet.pl<br \/>\nwww.nonlicet.pl<\/p>\n<p>&nbsp;<\/p>\n<h2>Fundacja \u201eDobrze, \u017ce jeste\u015b\u201d<\/h2>\n<p>Fundacja \u201eDobrze, \u017ce jeste\u015b\u201d jest organizacj\u0105 pozarz\u0105dow\u0105 o statusie organizacji po\u017cytku publicznego, kt\u00f3rej wolontariusze ka\u017cdego dnia zapewniaj\u0105 sta\u0142\u0105 pomoc na oddzia\u0142ach onkologicznych i hematologicznych (ponad 40 tysi\u0119cy godzin rocznie). Od 2005 roku Fundacja dzia\u0142a w szpitalach w <a href=\"https:\/\/psychologuj.pl\/specjalisci\/warszawa-c10531926\">Warszawie<\/a>, <a href=\"https:\/\/psychologuj.pl\/specjalisci\/krakow-c6094802\">Krakowie<\/a>, <a href=\"https:\/\/psychologuj.pl\/specjalisci\/gdansk-c6099434\">Gda\u0144sku<\/a>, <a href=\"https:\/\/psychologuj.pl\/specjalisci\/wroclaw-c6081368\">Wroc\u0142awiu<\/a> i <a href=\"https:\/\/psychologuj.pl\/specjalisci\/poznan-c6088171\">Poznaniu<\/a>, obs\u0142uguj\u0105c 31 oddzia\u0142\u00f3w. Fundacja pomaga ponad 28 tysi\u0105com pacjent\u00f3w rocznie, zapewniaj\u0105c ci\u0105g\u0142\u0105 obecno\u015b\u0107 ponad 200 wolontariuszy w 12 szpitalach w pi\u0119ciu miastach. Fundacja \u201eDobrze, \u017ce jeste\u015b\u201d bazuje na chrze\u015bcija\u0144skich warto\u015bciach wiary i poszanowania cz\u0142owieka, ma czternastoletnie do\u015bwiadczenie w organizacji wolontariatu. Jej dzia\u0142alno\u015b\u0107 nie tylko przynosi ulg\u0119 pacjentom, ale tak\u017ce rozwija wra\u017cliwo\u015b\u0107, zaradno\u015b\u0107 i umiej\u0119tno\u015b\u0107 dzia\u0142ania w kryzysie u wolontariuszy.<\/p>\n<p>Wolontariat organizowany przez Fundacj\u0119 to sta\u0142a pomoc wymagaj\u0105ca systematycznej rekrutacji, szkole\u0144, koordynacji dy\u017cur\u00f3w oraz wsp\u00f3\u0142pracy ze szpitalami. We Wroc\u0142awiu wolontariusze z Fundacji \u201eDobrze, \u017ce jeste\u015b\u201d dzia\u0142aj\u0105 w dw\u00f3ch plac\u00f3wkach na trzech oddzia\u0142ach. S\u0105 to Dolno\u015bl\u0105skie Centrum Onkologii, Pulmonologii i Hematologii przy ul. Hirszfelda 12 oraz Klinika Hematologii, Nowotwor\u00f3w Krwi i Transplantacji Szpiku w Uniwersyteckim Szpitalu Klinicznym im. Jana Mikulicza-Radeckiego przy Wybrze\u017cu L. Pasteura 4.<\/p>\n<p>Fundacja \u201eDobrze, \u017ce jeste\u015b\u201d anga\u017cuje wolontariuszy, kt\u00f3rzy przez ca\u0142y tydzie\u0144 wspieraj\u0105 doros\u0142ych pacjent\u00f3w onkologicznych na oddzia\u0142ach szpitalnych. Wolontariusze pomagaj\u0105 w codziennych czynno\u015bciach, takich jak zakupy, transport na badania, kontakt z rodzin\u0105, proste czynno\u015bci piel\u0119gnacyjne, wypo\u017cyczanie ksi\u0105\u017cek oraz organizacja \u015bwi\u0105t i akcji na oddzia\u0142ach. Kluczowym elementem ich pracy jest obecno\u015b\u0107, rozmowa i wsparcie emocjonalne. Ka\u017cdy wolontariusz po\u015bwi\u0119ca jeden dzie\u0144 w tygodniu na dy\u017cur w szpitalu, kt\u00f3ry trwa minimum trzy godziny. Fundacja dzia\u0142a r\u00f3wnie\u017c na rzecz poprawy jako\u015bci \u017cycia pacjent\u00f3w poprzez wydawanie publikacji, organizacj\u0119 konferencji i wydarze\u0144 kulturalnych, takich jak wsp\u00f3lne wyj\u015bcia do teatru, muze\u00f3w i organizacj\u0119 warsztat\u00f3w artystycznych. Ponadto, fundacja promuje zdrowy tryb \u017cycia, prowadzi Przyjazn\u0105 Poczekalni\u0119 dla pacjent\u00f3w we Wroc\u0142awiu i Poznaniu, W\u0119druj\u0105ce Biblioteki na oddzia\u0142ach szpitalnych i jest otwarta na nowe pomys\u0142y i propozycje wolontariuszy.<\/p>\n<p><strong>Kontakt<\/strong><\/p>\n<p>Fundacja DOBRZE \u017bE JESTE\u015a<br \/>\nul. Pogodna 2\/5<br \/>\n00-785 Warszawa<\/p>\n<p><strong>Wroc\u0142aw<\/strong><br \/>\n<span id=\"eeb-172855-134745\">wroclaw@dobrzezejestes.pl<br \/>\n<\/span>tel. 793 500 222<\/p>\n<hr \/>\n<p><strong><a href=\"https:\/\/psychologuj.pl\/psychologia\/wolontariat-psychologiczny\/\">Wolontariat psychologiczny<\/a> | <a href=\"https:\/\/psychologuj.pl\/specjalisci\/psycholog_wroclaw-c6081368\">Psycholog Wroc\u0142aw<\/a> | <a href=\"https:\/\/psychologuj.pl\/specjalisci\/psychoterapeuta_wroclaw-c6081368\">Psychoterapia Wroc\u0142aw<\/a><\/strong><\/p>\n\n\n<div class=\"kk-star-ratings kksr-auto kksr-align-left kksr-valign-bottom\"\n    data-payload='{&quot;align&quot;:&quot;left&quot;,&quot;id&quot;:&quot;81&quot;,&quot;slug&quot;:&quot;default&quot;,&quot;valign&quot;:&quot;bottom&quot;,&quot;ignore&quot;:&quot;&quot;,&quot;reference&quot;:&quot;auto&quot;,&quot;class&quot;:&quot;&quot;,&quot;count&quot;:&quot;3&quot;,&quot;legendonly&quot;:&quot;&quot;,&quot;readonly&quot;:&quot;&quot;,&quot;score&quot;:&quot;5&quot;,&quot;starsonly&quot;:&quot;&quot;,&quot;best&quot;:&quot;5&quot;,&quot;gap&quot;:&quot;5&quot;,&quot;greet&quot;:&quot;Twoja ocena&quot;,&quot;legend&quot;:&quot;Ocena 5\\\/5 - (3 g\u0142os\u00f3w)&quot;,&quot;size&quot;:&quot;24&quot;,&quot;title&quot;:&quot;Wolontariat Psychologia Wroc\u0142aw&quot;,&quot;width&quot;:&quot;142.5&quot;,&quot;_legend&quot;:&quot;Ocena {score}\\\/{best} - ({count} g\u0142os\u00f3w)&quot;,&quot;font_factor&quot;:&quot;1.25&quot;}'>\n            \n<div class=\"kksr-stars\">\n    \n<div class=\"kksr-stars-inactive\">\n            <div class=\"kksr-star\" data-star=\"1\" style=\"padding-right: 5px\">\n            \n\n<div class=\"kksr-icon\" style=\"width: 24px; height: 24px;\"><\/div>\n        <\/div>\n            <div class=\"kksr-star\" data-star=\"2\" style=\"padding-right: 5px\">\n            \n\n<div class=\"kksr-icon\" style=\"width: 24px; height: 24px;\"><\/div>\n        <\/div>\n            <div class=\"kksr-star\" data-star=\"3\" style=\"padding-right: 5px\">\n            \n\n<div class=\"kksr-icon\" style=\"width: 24px; height: 24px;\"><\/div>\n        <\/div>\n            <div class=\"kksr-star\" data-star=\"4\" style=\"padding-right: 5px\">\n            \n\n<div class=\"kksr-icon\" style=\"width: 24px; height: 24px;\"><\/div>\n        <\/div>\n            <div class=\"kksr-star\" data-star=\"5\" style=\"padding-right: 5px\">\n            \n\n<div class=\"kksr-icon\" style=\"width: 24px; height: 24px;\"><\/div>\n        <\/div>\n    <\/div>\n    \n<div class=\"kksr-stars-active\" style=\"width: 142.5px;\">\n            <div class=\"kksr-star\" style=\"padding-right: 5px\">\n            \n\n<div class=\"kksr-icon\" style=\"width: 24px; height: 24px;\"><\/div>\n        <\/div>\n            <div class=\"kksr-star\" style=\"padding-right: 5px\">\n            \n\n<div class=\"kksr-icon\" style=\"width: 24px; height: 24px;\"><\/div>\n        <\/div>\n            <div class=\"kksr-star\" style=\"padding-right: 5px\">\n            \n\n<div class=\"kksr-icon\" style=\"width: 24px; height: 24px;\"><\/div>\n        <\/div>\n            <div class=\"kksr-star\" style=\"padding-right: 5px\">\n            \n\n<div class=\"kksr-icon\" style=\"width: 24px; height: 24px;\"><\/div>\n        <\/div>\n            <div class=\"kksr-star\" style=\"padding-right: 5px\">\n            \n\n<div class=\"kksr-icon\" style=\"width: 24px; height: 24px;\"><\/div>\n        <\/div>\n    <\/div>\n<\/div>\n                \n\n<div class=\"kksr-legend\" style=\"font-size: 19.2px;\">\n            Ocena 5\/5 - (3 g\u0142os\u00f3w)    <\/div>\n    <\/div>\n","protected":false},"excerpt":{"rendered":"<p>Fundacja SALIDA Fundacja SALIDA z Wroc\u0142awia serdecznie zaprasza wszystkie zainteresowane osoby do udzia\u0142u w wolontariacie zwi\u0105zanym z kierunkami takimi jak pedagogika, psychologia, praca socjalna i socjologia. W ramach oferty wolontariatu gwarantujemy profesjonalne wsparcie merytoryczne oraz okazj\u0119 do zdobycia do\u015bwiadczenia w bezpo\u015brednim kontakcie z klientami. Nasi wolontariusze maj\u0105 szans\u0119 na rozwini\u0119cie swojej samo\u015bwiadomo\u015bci oraz odkrycie swojego indywidualnego stylu pracy. Ponadto, proponujemy uczestnictwo w sesjach superwizyjnych, kt\u00f3re znacz\u0105co wp\u0142ywaj\u0105 na rozw\u00f3j warsztatu oraz jako\u015b\u0107 interakcji z klientami. Kontakt Fundacja SALIDA ul. Jedno\u015bci Narodowej 153\/1 50-303 Wroc\u0142aw 71 307 01 49 +48 668 351 313 www.fundacjasalida.pl &nbsp; Fundacja &#8222;Promyk S\u0142o\u0144ca&#8221; W Centrum Wolontariatu &hellip; <\/p>\n","protected":false},"author":2,"featured_media":0,"parent":0,"menu_order":0,"comment_status":"closed","ping_status":"closed","template":"","meta":{"footnotes":""},"class_list":["post-81","page","type-page","status-publish","hentry"],"_links":{"self":[{"href":"https:\/\/psychologuj.pl\/psychologia\/wp-json\/wp\/v2\/pages\/81","targetHints":{"allow":["GET"]}}],"collection":[{"href":"https:\/\/psychologuj.pl\/psychologia\/wp-json\/wp\/v2\/pages"}],"about":[{"href":"https:\/\/psychologuj.pl\/psychologia\/wp-json\/wp\/v2\/types\/page"}],"author":[{"embeddable":true,"href":"https:\/\/psychologuj.pl\/psychologia\/wp-json\/wp\/v2\/users\/2"}],"replies":[{"embeddable":true,"href":"https:\/\/psychologuj.pl\/psychologia\/wp-json\/wp\/v2\/comments?post=81"}],"version-history":[{"count":3,"href":"https:\/\/psychologuj.pl\/psychologia\/wp-json\/wp\/v2\/pages\/81\/revisions"}],"predecessor-version":[{"id":3019,"href":"https:\/\/psychologuj.pl\/psychologia\/wp-json\/wp\/v2\/pages\/81\/revisions\/3019"}],"wp:attachment":[{"href":"https:\/\/psychologuj.pl\/psychologia\/wp-json\/wp\/v2\/media?parent=81"}],"curies":[{"name":"wp","href":"https:\/\/api.w.org\/{rel}","templated":true}]}}