{"id":2814,"date":"2025-02-06T14:05:29","date_gmt":"2025-02-06T13:05:29","guid":{"rendered":"https:\/\/psychologuj.pl\/psychologia\/?page_id=2814"},"modified":"2025-06-05T08:36:28","modified_gmt":"2025-06-05T06:36:28","slug":"pojecia-psychologiczne","status":"publish","type":"page","link":"https:\/\/psychologuj.pl\/psychologia\/pojecia-psychologiczne\/","title":{"rendered":"Poj\u0119cia psychologiczne"},"content":{"rendered":"<p>Poj\u0119cia psychologiczne to terminy wykorzystywane w psychologii do opisu, analizy i wyja\u015bniania proces\u00f3w psychicznych, zachowa\u0144 oraz interakcji mi\u0119dzyludzkich. Obejmuj\u0105 szeroki zakres zagadnie\u0144 zwi\u0105zanych z funkcjonowaniem umys\u0142u, emocji, motywacji oraz relacji spo\u0142ecznych. Przyk\u0142ady kluczowych poj\u0119\u0107 to m.in. inteligencja, osobowo\u015b\u0107, emocje, percepcja, pami\u0119\u0107, stres, motywacja czy w\u0142asna skuteczno\u015b\u0107. W psychologii wyr\u00f3\u017cnia si\u0119 r\u00f3\u017cne nurty, np. psychologi\u0119 poznawcz\u0105, behawioraln\u0105, psychodynamiczn\u0105 i humanistyczn\u0105, kt\u00f3re definiuj\u0105 te poj\u0119cia w odmienny spos\u00f3b.<\/p>\n<p><a href=\"https:\/\/psychologuj.pl\/psychologia\/agresja-instrumentalna\/\">Agresja instrumentalna<\/a><\/p>\n<p><a href=\"https:\/\/psychologuj.pl\/psychologia\/agresja-wroga\/\">Agresja wroga<\/a><\/p>\n<p><a href=\"https:\/\/psychologuj.pl\/psychoterapia\/analiza-egzystencjalna\/\">Analiza egzystencjalna<\/a><\/p>\n<p><a href=\"https:\/\/psychologuj.pl\/psychologia\/analiza-transakcyjna\/\">Analiza transakcyjna<\/a><\/p>\n<p><a href=\"https:\/\/psychologuj.pl\/psychologia\/atrybucja\/\">Atrybucja<\/a><\/p>\n<p><a href=\"https:\/\/psychologuj.pl\/psychologia\/biale-klamstwo\/\">Bia\u0142e k\u0142amstwo<\/a><\/p>\n<p><a href=\"https:\/\/psychologuj.pl\/psychoterapia\/cele-psychoterapii\/\">Cele psychoterapii<\/a><\/p>\n<p><a href=\"https:\/\/psychologuj.pl\/psychologia\/czym-rozni-sie-lek-od-strachu\/\">Czym r\u00f3\u017cni si\u0119 l\u0119k od strachu?<\/a><\/p>\n<p><a href=\"https:\/\/psychologuj.pl\/psychoterapia\/definicja-psychoterapii\/\">Definicja psychoterapii<\/a><\/p>\n<p><a href=\"https:\/\/psychologuj.pl\/psychologia\/denializm-plci\/\">Denializm p\u0142ci<\/a><\/p>\n<p><a href=\"https:\/\/psychologuj.pl\/psychologia\/depresja\/\">Depresja<\/a><\/p>\n<p><a href=\"https:\/\/psychologuj.pl\/psychologia\/depresja-psychotyczna\/\">Depresja psychotyczna<\/a><\/p>\n<p><a href=\"https:\/\/psychologuj.pl\/psychologia\/deprywacja\/\">Deprywacja<\/a><\/p>\n<p><a href=\"https:\/\/psychologuj.pl\/psychologia\/desensytyzacja\/\">Desensytyzacja<\/a><\/p>\n<p><a href=\"https:\/\/psychologuj.pl\/psychologia\/diagnoza-psychologiczna\/\">Diagnoza psychologiczna<\/a><\/p>\n<p><a href=\"https:\/\/psychologuj.pl\/psychologia\/diagnoza-nozologiczna\/\">Diagnoza r\u00f3\u017cnicowa<\/a><\/p>\n<p><a href=\"https:\/\/psychologuj.pl\/psychologia\/dobrostan\/\">Dobrostan<\/a><\/p>\n<p><a href=\"https:\/\/psychologuj.pl\/psychologia\/doom-spending\/\">Doom spending<\/a><\/p>\n<p><a href=\"https:\/\/psychologuj.pl\/psychologia\/dysforia\/\">Dysforia<\/a><\/p>\n<p><a href=\"https:\/\/psychologuj.pl\/psychologia\/dysforia-plciowa\/\">Dysforia p\u0142ciowa<\/a><\/p>\n<p><a href=\"https:\/\/psychologuj.pl\/psychologia\/dysregulacja-emocjonalna\/\">Dysregulacja emocjonalna<\/a><\/p>\n<p><a href=\"https:\/\/psychologuj.pl\/psychologia\/dziedziny-psychologii\/\">Dziedziny psychologii<\/a><\/p>\n<p><a href=\"https:\/\/psychologuj.pl\/psychologia\/efekt-dunninga-krugera\/\">Efekt Dunninga-Krugera<\/a><\/p>\n<p><a href=\"https:\/\/psychologuj.pl\/psychologia\/eksperymenty-psychologiczne\/\">Eksperymenty psychologiczne<\/a><\/p>\n<p><a href=\"https:\/\/psychologuj.pl\/psychologia\/ekspresja-emocji\/\">Ekspresja emocji<\/a><\/p>\n<p><a href=\"https:\/\/psychologuj.pl\/psychologia\/etapy-zaloby\/\">Etapy \u017ca\u0142oby<\/a><\/p>\n<p><a href=\"https:\/\/psychologuj.pl\/psychologia\/fiksacja-funkcjonalna\/\">Fiksacja funkcjonalna<\/a><\/p>\n<p><a href=\"https:\/\/psychologuj.pl\/psychologia\/funkcje-uwagi\/\">Funkcje uwagi<\/a><\/p>\n<p><a href=\"https:\/\/psychologuj.pl\/psychologia\/gabinet-psychologiczny\/\">Gabinet psychologiczny<\/a><\/p>\n<p><a href=\"https:\/\/psychologuj.pl\/psychoterapia\/gaslighting\/\">Gaslighting<\/a><\/p>\n<p><a href=\"https:\/\/psychologuj.pl\/psychologia\/generalizacja\/\">Generalizacja<\/a><\/p>\n<p><a href=\"https:\/\/psychologuj.pl\/psychoterapia\/gestalt\/\">Gestalt<\/a><\/p>\n<p><a href=\"https:\/\/psychologuj.pl\/psychologia\/granice-psychologiczne\/\">Granice psychologiczne<\/a><\/p>\n<p><a href=\"https:\/\/psychologuj.pl\/psychologia\/grooming\/\">Grooming<\/a><\/p>\n<p><a href=\"https:\/\/psychologuj.pl\/psychologia\/heurystyka-afektu\/\">Heurystyka afektu<\/a><\/p>\n<p><a href=\"https:\/\/psychologuj.pl\/psychologia\/hipochondryk\/\">Hipochondryk<\/a><\/p>\n<p><a href=\"https:\/\/psychologuj.pl\/psychoterapia\/hoovering\/\">Hoovering<\/a><\/p>\n<p><a href=\"https:\/\/psychologuj.pl\/psychologia\/iluzja\/\">Iluzja<\/a><\/p>\n<p><a href=\"https:\/\/psychologuj.pl\/psychologia\/iluzja-wyboru\/\">Iluzja wyboru<\/a><\/p>\n<p><a href=\"https:\/\/psychologuj.pl\/psychologia\/incel\/\">Incel<\/a><\/p>\n<p><a href=\"https:\/\/psychologuj.pl\/psychologia\/inteligencja\/\">Inteligencja<\/a><\/p>\n<p><a href=\"https:\/\/psychologuj.pl\/psychologia\/interwencja-kryzysowa\/\">Interwencja kryzysowa<\/a><\/p>\n<p><a href=\"https:\/\/psychologuj.pl\/psychologia\/ja\/\">Ja<\/a><\/p>\n<p><a href=\"https:\/\/psychologuj.pl\/psychologia\/jakosc-zycia\/\">Jako\u015b\u0107 \u017cycia<\/a><\/p>\n<p><a href=\"https:\/\/psychologuj.pl\/psychologia\/koncepcja-sullivana\/\">Koncepcja Sullivana<\/a><\/p>\n<p><a href=\"https:\/\/psychologuj.pl\/psychologia\/konflikt-dazenie-unikanie\/\">Konflikt d\u0105\u017cenie-unikanie<\/a><\/p>\n<p><a href=\"https:\/\/psychologuj.pl\/psychologia\/konflikty-wewnetrzne\/\">Konflikty wewn\u0119trzne<\/a><\/p>\n<p><a href=\"https:\/\/psychologuj.pl\/psychologia\/konsultacja-psychologiczna\/\">Konsultacja psychologiczna<\/a><\/p>\n<p><a href=\"https:\/\/psychologuj.pl\/psychoterapia\/konsultacja-psychoterapeutyczna\/\">Konsultacja psychoterapeutyczna<\/a><\/p>\n<p><a href=\"https:\/\/psychologuj.pl\/psychoterapia\/kontrakt-terapeutyczny\/\">Kontrakt terapeutyczny<\/a><\/p>\n<p><a href=\"https:\/\/psychologuj.pl\/psychologia\/kryzys-psychiczny\/\">Kryzys psychiczny<\/a><\/p>\n<p><a href=\"https:\/\/psychologuj.pl\/psychologia\/mechanizmy-obronne\/\">Mechanizmy obronne<\/a><\/p>\n<p><a href=\"https:\/\/psychologuj.pl\/psychoterapia\/melanie-klein\/\">Melanie Klein<\/a><\/p>\n<p><a href=\"https:\/\/psychologuj.pl\/psychoterapia\/metafora\/\">Metafora<\/a><\/p>\n<p><a href=\"https:\/\/psychologuj.pl\/psychologia\/model-wielkiej-piatki\/\">Model Wielkiej Pi\u0105tki<\/a><\/p>\n<p><a href=\"https:\/\/psychologuj.pl\/psychologia\/nastroj\/\">Nastr\u00f3j<\/a><\/p>\n<p><a href=\"https:\/\/psychologuj.pl\/psychologia\/negatywne-mysli\/\">Negatywne my\u015bli<\/a><\/p>\n<p><a href=\"https:\/\/psychologuj.pl\/psychologia\/neuroroznorodnosc\/\">Neuror\u00f3\u017cnorodno\u015b\u0107<\/a><\/p>\n<p><a href=\"https:\/\/psychologuj.pl\/psychologia\/neurotyk\/\">Neurotyk<\/a><\/p>\n<p><a href=\"https:\/\/psychologuj.pl\/psychologia\/neuroza\/\">Neuroza<\/a><\/p>\n<p><a href=\"https:\/\/psychologuj.pl\/psychologia\/nierealistyczny-optymizm\/\">Nierealistyczny optymizm<\/a><\/p>\n<p><a href=\"https:\/\/psychologuj.pl\/psychoterapia\/nurt-psychodynamiczny\/\">Nurt psychodynamiczny<\/a><\/p>\n<p><a href=\"https:\/\/psychologuj.pl\/psychoterapia\/nurty-terapeutyczne\/\">Nurty terapeutyczne<\/a><\/p>\n<p><a href=\"https:\/\/psychologuj.pl\/psychologia\/objawy-psychotyczne\/\">Objawy psychotyczne<\/a><\/p>\n<p><a href=\"https:\/\/psychologuj.pl\/psychologia\/osoby-wysoko-wrazliwe\/\">Osoby wysoko wra\u017cliwe<\/a><\/p>\n<p><a href=\"https:\/\/psychologuj.pl\/psychologia\/otherkin\/\">Otherkin<\/a><\/p>\n<p><a href=\"https:\/\/psychologuj.pl\/psychologia\/paranoja-indukowana\/\">Paranoja indukowana<\/a><\/p>\n<p><a href=\"https:\/\/psychologuj.pl\/psychologia\/patologiczna-zaloba\/\">Patologiczna \u017ca\u0142oba<\/a><\/p>\n<p><a href=\"https:\/\/psychologuj.pl\/psychologia\/percepcja\/\">Percepcja<\/a><\/p>\n<p><a href=\"https:\/\/psychologuj.pl\/psychologia\/piramida-maslowa\/\">Piramida Maslowa<\/a><\/p>\n<p><a href=\"https:\/\/psychologuj.pl\/psychologia\/poczucie-jakosci-zycia\/\">Poczucie jako\u015bci \u017cycia<\/a><\/p>\n<p><a href=\"https:\/\/psychologuj.pl\/psychologia\/poczucie-winy\/\">Poczucie winy<\/a><\/p>\n<p><a href=\"https:\/\/psychologuj.pl\/psychologia\/poczucie-wlasnej-skutecznosci\/\">Poczucie w\u0142asnej skuteczno\u015bci<\/a><\/p>\n<p><a href=\"https:\/\/psychologuj.pl\/psychologia\/podwojne-wiazanie\/\">Podw\u00f3jne wi\u0105zanie<\/a><\/p>\n<p><a href=\"https:\/\/psychologuj.pl\/psychologia\/pojecia-abstrakcyjne\/\">Poj\u0119cia abstrakcyjne<\/a><\/p>\n<p><a href=\"https:\/\/psychologuj.pl\/psychologia\/pomoc-psychologiczna\/\">Pomoc psychologiczna<\/a><\/p>\n<p><a href=\"https:\/\/psychologuj.pl\/psychologia\/porada-psychologiczna\/\">Porada psychologiczna<\/a><\/p>\n<p><a href=\"https:\/\/psychologuj.pl\/psychologia\/porady-psychologiczne\/\">Porady psychologiczne<\/a><\/p>\n<p><a href=\"https:\/\/psychologuj.pl\/psychologia\/portret-psychologiczny\/\">Portret psychologiczny<\/a><\/p>\n<p><a href=\"https:\/\/psychologuj.pl\/psychologia\/prawo-efektu\/\">Prawo efektu<\/a><\/p>\n<p><a href=\"https:\/\/psychologuj.pl\/psychologia\/prezentyzm\/\">Prezentyzm<\/a><\/p>\n<p><a href=\"https:\/\/psychologuj.pl\/psychoterapia\/proces-psychoterapii\/\">Proces psychoterapii<\/a><\/p>\n<p><a href=\"https:\/\/psychologuj.pl\/psychologia\/profil-psychologiczny\/\">Profil psychologiczny<\/a><\/p>\n<p><a href=\"https:\/\/psychologuj.pl\/psychologia\/profilowanie-psychologiczne\/\">Profilowanie psychologiczne<\/a><\/p>\n<p><a href=\"https:\/\/psychologuj.pl\/psychologia\/projekcja\/\">Projekcja<\/a><\/p>\n<p><a href=\"https:\/\/psychologuj.pl\/psychologia\/protest-psychologow\/\">Protest psycholog\u00f3w<\/a><\/p>\n<p><a href=\"https:\/\/psychologuj.pl\/psychologia\/przebodzcowanie\/\">Przebod\u017acowanie<\/a><\/p>\n<p><a href=\"https:\/\/psychologuj.pl\/psychoterapia\/przeciwwarunkowanie\/\">Przeciwwarunkowanie<\/a><\/p>\n<p><a href=\"https:\/\/psychologuj.pl\/psychoterapia\/przeniesienie-w-psychoterapii\/\">Przeniesienie w psychoterapii<\/a><\/p>\n<p><a href=\"https:\/\/psychologuj.pl\/psychologia\/przetwarzanie-informacji\/\">Przetwarzanie informacji<\/a><\/p>\n<p><a href=\"https:\/\/psychologuj.pl\/psychoterapia\/przymierze-terapeutyczne\/\">Przymierze terapeutyczne<\/a><\/p>\n<p><a href=\"https:\/\/psychologuj.pl\/psychologia\/psycholog-kliniczny\/\">Psycholog kliniczny<\/a><\/p>\n<p><a href=\"https:\/\/psychologuj.pl\/psychologia\/psychologia-fenomenologiczna\/\">Psychologia fenomenologiczna<\/a><\/p>\n<p><a href=\"https:\/\/psychologuj.pl\/psychologia\/psychologia-lotnicza\/\">Psychologia lotnicza<\/a><\/p>\n<p><a href=\"https:\/\/psychologuj.pl\/psychologia\/psychologia-postaci\/\">Psychologia postaci<\/a><\/p>\n<p><a href=\"https:\/\/psychologuj.pl\/psychologia\/psychologia-pozytywna\/\">Psychologia pozytywna<\/a><\/p>\n<p><a href=\"https:\/\/psychologuj.pl\/psychologia\/psychologia-self\/\">Psychologia self<\/a><\/p>\n<p><a href=\"https:\/\/psychologuj.pl\/psychoterapia\/psychoterapia-chrzescijanska\/\">Psychoterapia chrze\u015bcija\u0144ska<\/a><\/p>\n<p><a href=\"https:\/\/psychologuj.pl\/psychologia\/psychoza\/\">Psychoza<\/a><\/p>\n<p><a href=\"https:\/\/psychologuj.pl\/psychologia\/rezyliencja\/\">Rezyliencja (odporno\u015b\u0107 psychiczna)<\/a><\/p>\n<p><a href=\"https:\/\/psychologuj.pl\/psychologia\/rozwoj-psychologiczny\/\">Rozw\u00f3j psychologiczny<\/a><\/p>\n<p><a href=\"https:\/\/psychologuj.pl\/psychologia\/rozwoj-psychospoleczny\/\">Rozw\u00f3j psychos\u00adpo\u0142eczny<\/a><\/p>\n<p><a href=\"https:\/\/psychologuj.pl\/psychologia\/samorealizacja\/\">Samorealizacja<\/a><\/p>\n<p><a href=\"https:\/\/psychologuj.pl\/psychologia\/schematy-poznawcze\/\">Schematy poznawcze<\/a><\/p>\n<p><a href=\"https:\/\/psychologuj.pl\/psychologia\/schizofrenia\/\">Schizofrenia<\/a><\/p>\n<p><a href=\"https:\/\/psychologuj.pl\/psychologia\/skala-inteligencji-wechslera\/\">Skala Inteligencji Wechslera<\/a><\/p>\n<p><a href=\"https:\/\/psychologuj.pl\/psychologia\/skala-stresu\/\">Skala stresu<\/a><\/p>\n<p><a href=\"https:\/\/psychologuj.pl\/psychologia\/stalking\/\">Stalking<\/a><\/p>\n<p><a href=\"https:\/\/psychologuj.pl\/psychologia\/strefa-komfortu\/\">Strefa komfortu<\/a><\/p>\n<p><a href=\"https:\/\/psychologuj.pl\/psychologia\/style-przywiazania\/\">Style przywi\u0105zania<\/a><\/p>\n<p><a href=\"https:\/\/psychologuj.pl\/psychologia\/suchy-alkoholik\/\">Suchy alkoholik<\/a><\/p>\n<p><a href=\"https:\/\/psychologuj.pl\/psychologia\/syndrom-oszusta\/\">Syndrom oszusta<\/a><\/p>\n<p><a href=\"https:\/\/psychologuj.pl\/psychologia\/szkolenia-psychologiczne\/\">Szkolenia psychologiczne<\/a><\/p>\n<p><a href=\"https:\/\/psychologuj.pl\/psychologia\/swiadomy-sen\/\">\u015awiadomy sen<\/a><\/p>\n<p><a href=\"https:\/\/psychologuj.pl\/psychologia\/teoria-inteligencji-w-ujeciu-strainberga\/\">Teoria inteligencji w uj\u0119ciu Strainberga<\/a><\/p>\n<p><a href=\"https:\/\/psychologuj.pl\/psychologia\/teoria-pola\/\">Teoria pola<\/a><\/p>\n<p><a href=\"https:\/\/psychologuj.pl\/psychoterapia\/teoria-psychoanalityczna\/\">Teoria psychoanalityczna<\/a><\/p>\n<p><a href=\"https:\/\/psychologuj.pl\/psychoterapia\/teoria-psychodynamiczna\/\">Teoria psychodynamiczna<\/a><\/p>\n<p><a href=\"https:\/\/psychologuj.pl\/psychologia\/teoria-relacji-z-obiektem\/\">Teoria relacji z obiektem<\/a><\/p>\n<p><a href=\"https:\/\/psychologuj.pl\/psychologia\/teoria-wlasnego-ja-rogersa\/\">Teoria w\u0142asnego ja Rogersa<\/a><\/p>\n<p><a href=\"https:\/\/psychologuj.pl\/psychoterapia\/terapia-behawioralna\/\">Terapia behawioralna<\/a><\/p>\n<p><a href=\"https:\/\/psychologuj.pl\/psychoterapia\/terapia-poznawcza\/\">Terapia poznawcza<\/a><\/p>\n<p><a href=\"https:\/\/psychologuj.pl\/psychoterapia\/terapia-poznawczo-behawioralna\/\">Terapia poznawczo-behawioralna<\/a><\/p>\n<p><a href=\"https:\/\/psychologuj.pl\/psychoterapia\/terapia-psychoanalityczna\/\">Terapia psychoanalityczna<\/a><\/p>\n<p><a href=\"https:\/\/psychologuj.pl\/psychologia\/terapia-psychologiczna\/\">Terapia psychologiczna<\/a><\/p>\n<p><a href=\"https:\/\/psychologuj.pl\/psychologia\/teriantropia\/\">Teriantropia<\/a><\/p>\n<p><a href=\"https:\/\/psychologuj.pl\/psychologia\/test-na-depresje\/\">Test na depresj\u0119<\/a><\/p>\n<p><a href=\"https:\/\/psychologuj.pl\/psychologia\/test-rorschacha\/\">Test Rorschacha<\/a><\/p>\n<p><a href=\"https:\/\/psychologuj.pl\/psychologia\/therian\/\">Therian<\/a><\/p>\n<p><a href=\"https:\/\/psychologuj.pl\/psychologia\/toksyczna-komunikacja\/\">Toksyczna komunikacja<\/a><\/p>\n<p><a href=\"https:\/\/psychologuj.pl\/psychologia\/toksyczne-teksty\/\">Toksyczne teksty<\/a><\/p>\n<p><a href=\"https:\/\/psychologuj.pl\/psychologia\/toksyczne-zachowania\/\">Toksyczne zachowania<\/a><\/p>\n<p><a href=\"https:\/\/psychologuj.pl\/psychologia\/toksyk\/\">Toksyk<\/a><\/p>\n<p><a href=\"https:\/\/psychologuj.pl\/psychoterapia\/transteoretyczny-model-zmiany\/\">Transteoretyczny Model Zmiany<\/a><\/p>\n<p><a href=\"https:\/\/psychologuj.pl\/psychologia\/tranzycja\/\">Tranzycja<\/a><\/p>\n<p><a href=\"https:\/\/psychologuj.pl\/psychologia\/trauma\/\">Trauma<\/a><\/p>\n<p><a href=\"https:\/\/psychologuj.pl\/psychologia\/trening-interpersonalny\/\">Trening interpersonalny<\/a><\/p>\n<p><a href=\"https:\/\/psychologuj.pl\/psychologia\/urojenia\/\">Urojenia<\/a><\/p>\n<p><a href=\"https:\/\/psychologuj.pl\/psychologia\/urojenia-depresyjne\/\">Urojenia depresyjne<\/a><\/p>\n<p><a href=\"https:\/\/psychologuj.pl\/psychologia\/urojenia-hipochondryczne\/\">Urojenia hipochondryczne<\/a><\/p>\n<p><a href=\"https:\/\/psychologuj.pl\/psychologia\/urojenia-ksobne\/\">Urojenia ksobne<\/a><\/p>\n<p><a href=\"https:\/\/psychologuj.pl\/psychologia\/urojenia-nihilistyczne\/\">Urojenia nihilistyczne<\/a><\/p>\n<p><a href=\"https:\/\/psychologuj.pl\/psychologia\/urojenia-oddzialywania\/\">Urojenia oddzia\u0142ywania<\/a><\/p>\n<p><a href=\"https:\/\/psychologuj.pl\/psychologia\/urojenia-paranoiczne\/\">Urojenia paranoiczne<\/a><\/p>\n<p><a href=\"https:\/\/psychologuj.pl\/psychologia\/urojenia-paranoidalne\/\">Urojenia paranoidalne<\/a><\/p>\n<p><a href=\"https:\/\/psychologuj.pl\/psychologia\/urojenia-przesladowcze\/\">Urojenia prze\u015bladowcze<\/a><\/p>\n<p><a href=\"https:\/\/psychologuj.pl\/psychologia\/urojenia-wielkosciowe\/\">Urojenia wielko\u015bciowe<\/a><\/p>\n<p><a href=\"https:\/\/psychologuj.pl\/psychologia\/urojenia-zazdrosci\/\">Urojenia zazdro\u015bci<\/a><\/p>\n<p><a href=\"https:\/\/psychologuj.pl\/psychologia\/uzaleznienia-behawioralne\/\">Uzale\u017cnienia behawioralne<\/a><\/p>\n<p><a href=\"https:\/\/psychologuj.pl\/psychologia\/wais-r\/\">WAIS-R<\/a><\/p>\n<p><a href=\"https:\/\/psychologuj.pl\/psychologia\/wampir-energetyczny\/\">Wampir energetyczny<\/a><\/p>\n<p><a href=\"https:\/\/psychologuj.pl\/psychologia\/warunkowanie-instrumentalne\/\">Warunkowanie instrumentalne<\/a><\/p>\n<p><a href=\"https:\/\/psychologuj.pl\/psychologia\/warunkowanie-klasyczne\/\">Warunkowanie klasyczne<\/a><\/p>\n<p><a href=\"https:\/\/psychologuj.pl\/psychologia\/wglad\/\">Wgl\u0105d<\/a><\/p>\n<p><a href=\"https:\/\/psychologuj.pl\/psychologia\/wygaszanie\/\">Wygaszanie<\/a><\/p>\n<p><a href=\"https:\/\/psychologuj.pl\/psychologia\/wystarczajaco-dobra-matka\/\">Wystarczaj\u0105co dobra matka<\/a><\/p>\n<p><a href=\"https:\/\/psychologuj.pl\/psychologia\/wzmocnienie\/\">Wzmocnienie<\/a><\/p>\n<p><a href=\"https:\/\/psychologuj.pl\/psychologia\/zaburzenia-afektywne-dwubiegunowe\/\">Zaburzenia afektywne dwubiegunowe<\/a><\/p>\n<p><a href=\"https:\/\/psychologuj.pl\/psychologia\/zaburzenia-lekowe\/\">Zaburzenia l\u0119kowe<\/a><\/p>\n<p><a href=\"https:\/\/psychologuj.pl\/psychologia\/zaburzenia-nastroju\/\">Zaburzenia nastroju<\/a><\/p>\n<p><a href=\"https:\/\/psychologuj.pl\/psychologia\/zaburzenia-psychotyczne-i-niepsychotyczne\/\">Zaburzenia psychotyczne i niepsychotyczne<\/a><\/p>\n<p><a href=\"https:\/\/psychologuj.pl\/psychologia\/zaburzenia-urojeniowe\/\">Zaburzenia urojeniowe<\/a><\/p>\n<p><a href=\"https:\/\/psychologuj.pl\/psychologia\/zespol-cotarda\/\">Zesp\u00f3\u0142 Cotarda<\/a><\/p>\n\n\n<div class=\"kk-star-ratings kksr-auto kksr-align-left kksr-valign-bottom\"\n    data-payload='{&quot;align&quot;:&quot;left&quot;,&quot;id&quot;:&quot;2814&quot;,&quot;slug&quot;:&quot;default&quot;,&quot;valign&quot;:&quot;bottom&quot;,&quot;ignore&quot;:&quot;&quot;,&quot;reference&quot;:&quot;auto&quot;,&quot;class&quot;:&quot;&quot;,&quot;count&quot;:&quot;1&quot;,&quot;legendonly&quot;:&quot;&quot;,&quot;readonly&quot;:&quot;&quot;,&quot;score&quot;:&quot;5&quot;,&quot;starsonly&quot;:&quot;&quot;,&quot;best&quot;:&quot;5&quot;,&quot;gap&quot;:&quot;5&quot;,&quot;greet&quot;:&quot;Twoja ocena&quot;,&quot;legend&quot;:&quot;Ocena 5\\\/5 - (1 g\u0142os\u00f3w)&quot;,&quot;size&quot;:&quot;24&quot;,&quot;title&quot;:&quot;Poj\u0119cia psychologiczne&quot;,&quot;width&quot;:&quot;142.5&quot;,&quot;_legend&quot;:&quot;Ocena {score}\\\/{best} - ({count} g\u0142os\u00f3w)&quot;,&quot;font_factor&quot;:&quot;1.25&quot;}'>\n            \n<div class=\"kksr-stars\">\n    \n<div class=\"kksr-stars-inactive\">\n            <div class=\"kksr-star\" data-star=\"1\" style=\"padding-right: 5px\">\n            \n\n<div class=\"kksr-icon\" style=\"width: 24px; height: 24px;\"><\/div>\n        <\/div>\n            <div class=\"kksr-star\" data-star=\"2\" style=\"padding-right: 5px\">\n            \n\n<div class=\"kksr-icon\" style=\"width: 24px; height: 24px;\"><\/div>\n        <\/div>\n            <div class=\"kksr-star\" data-star=\"3\" style=\"padding-right: 5px\">\n            \n\n<div class=\"kksr-icon\" style=\"width: 24px; height: 24px;\"><\/div>\n        <\/div>\n            <div class=\"kksr-star\" data-star=\"4\" style=\"padding-right: 5px\">\n            \n\n<div class=\"kksr-icon\" style=\"width: 24px; height: 24px;\"><\/div>\n        <\/div>\n            <div class=\"kksr-star\" data-star=\"5\" style=\"padding-right: 5px\">\n            \n\n<div class=\"kksr-icon\" style=\"width: 24px; height: 24px;\"><\/div>\n        <\/div>\n    <\/div>\n    \n<div class=\"kksr-stars-active\" style=\"width: 142.5px;\">\n            <div class=\"kksr-star\" style=\"padding-right: 5px\">\n            \n\n<div class=\"kksr-icon\" style=\"width: 24px; height: 24px;\"><\/div>\n        <\/div>\n            <div class=\"kksr-star\" style=\"padding-right: 5px\">\n            \n\n<div class=\"kksr-icon\" style=\"width: 24px; height: 24px;\"><\/div>\n        <\/div>\n            <div class=\"kksr-star\" style=\"padding-right: 5px\">\n            \n\n<div class=\"kksr-icon\" style=\"width: 24px; height: 24px;\"><\/div>\n        <\/div>\n            <div class=\"kksr-star\" style=\"padding-right: 5px\">\n            \n\n<div class=\"kksr-icon\" style=\"width: 24px; height: 24px;\"><\/div>\n        <\/div>\n            <div class=\"kksr-star\" style=\"padding-right: 5px\">\n            \n\n<div class=\"kksr-icon\" style=\"width: 24px; height: 24px;\"><\/div>\n        <\/div>\n    <\/div>\n<\/div>\n                \n\n<div class=\"kksr-legend\" style=\"font-size: 19.2px;\">\n            Ocena 5\/5 - (1 g\u0142os\u00f3w)    <\/div>\n    <\/div>\n","protected":false},"excerpt":{"rendered":"<p>Poj\u0119cia psychologiczne to terminy wykorzystywane w psychologii do opisu, analizy i wyja\u015bniania proces\u00f3w psychicznych, zachowa\u0144 oraz interakcji mi\u0119dzyludzkich. Obejmuj\u0105 szeroki zakres zagadnie\u0144 zwi\u0105zanych z funkcjonowaniem umys\u0142u, emocji, motywacji oraz relacji spo\u0142ecznych. Przyk\u0142ady kluczowych poj\u0119\u0107 to m.in. inteligencja, osobowo\u015b\u0107, emocje, percepcja, pami\u0119\u0107, stres, motywacja czy w\u0142asna skuteczno\u015b\u0107. W psychologii wyr\u00f3\u017cnia si\u0119 r\u00f3\u017cne nurty, np. psychologi\u0119 poznawcz\u0105, behawioraln\u0105, psychodynamiczn\u0105 i humanistyczn\u0105, kt\u00f3re definiuj\u0105 te poj\u0119cia w odmienny spos\u00f3b. Agresja instrumentalna Agresja wroga Analiza egzystencjalna Analiza transakcyjna Atrybucja Bia\u0142e k\u0142amstwo Cele psychoterapii Czym r\u00f3\u017cni si\u0119 l\u0119k od strachu? Definicja psychoterapii Denializm p\u0142ci Depresja Depresja psychotyczna Deprywacja Desensytyzacja Diagnoza psychologiczna Diagnoza r\u00f3\u017cnicowa Dobrostan Doom &hellip; <\/p>\n","protected":false},"author":2,"featured_media":0,"parent":0,"menu_order":0,"comment_status":"closed","ping_status":"closed","template":"","meta":{"footnotes":""},"class_list":["post-2814","page","type-page","status-publish","hentry"],"_links":{"self":[{"href":"https:\/\/psychologuj.pl\/psychologia\/wp-json\/wp\/v2\/pages\/2814","targetHints":{"allow":["GET"]}}],"collection":[{"href":"https:\/\/psychologuj.pl\/psychologia\/wp-json\/wp\/v2\/pages"}],"about":[{"href":"https:\/\/psychologuj.pl\/psychologia\/wp-json\/wp\/v2\/types\/page"}],"author":[{"embeddable":true,"href":"https:\/\/psychologuj.pl\/psychologia\/wp-json\/wp\/v2\/users\/2"}],"replies":[{"embeddable":true,"href":"https:\/\/psychologuj.pl\/psychologia\/wp-json\/wp\/v2\/comments?post=2814"}],"version-history":[{"count":2,"href":"https:\/\/psychologuj.pl\/psychologia\/wp-json\/wp\/v2\/pages\/2814\/revisions"}],"predecessor-version":[{"id":3020,"href":"https:\/\/psychologuj.pl\/psychologia\/wp-json\/wp\/v2\/pages\/2814\/revisions\/3020"}],"wp:attachment":[{"href":"https:\/\/psychologuj.pl\/psychologia\/wp-json\/wp\/v2\/media?parent=2814"}],"curies":[{"name":"wp","href":"https:\/\/api.w.org\/{rel}","templated":true}]}}