{"id":2426,"date":"2024-10-29T14:08:39","date_gmt":"2024-10-29T13:08:39","guid":{"rendered":"https:\/\/psychologuj.pl\/psychologia\/?page_id=2426"},"modified":"2025-01-16T21:38:29","modified_gmt":"2025-01-16T20:38:29","slug":"psychologia-pozytywna","status":"publish","type":"page","link":"https:\/\/psychologuj.pl\/psychologia\/psychologia-pozytywna\/","title":{"rendered":"Psychologia pozytywna"},"content":{"rendered":"<p>Psychologia pozytywna to ga\u0142\u0105\u017a psychologii, kt\u00f3ra koncentruje si\u0119 na badaniu i wspieraniu pozytywnych aspekt\u00f3w ludzkiego \u017cycia, takich jak szcz\u0119\u015bcie, zadowolenie, rozw\u00f3j osobisty oraz mocne strony jednostek i spo\u0142eczno\u015bci. W przeciwie\u0144stwie do tradycyjnej psychologii, kt\u00f3ra skupia si\u0119 g\u0142\u00f3wnie na diagnozowaniu zaburze\u0144 i leczeniu problem\u00f3w psychicznych, psychologia pozytywna stawia sobie za cel odkrywanie i wzmacnianie potencja\u0142u jednostki,zrozumienie i wzmacnianie czynnik\u00f3w wp\u0142ywaj\u0105cych na dobre samopoczucie i jako\u015b\u0107 \u017cycia. Tradycyjnie nauki psychologiczne skupia\u0142y si\u0119 g\u0142\u00f3wnie na negatywnych i patologicznych aspektach ludzkiego \u017cycia, takich jak l\u0119k, stres czy depresja, przy mniejszej uwadze na pozytywne strony, takie jak kreatywno\u015b\u0107, inteligencja emocjonalna, humor, m\u0105dro\u015b\u0107 i szcz\u0119\u015bcie. Psychologia pozytywna koncentruje si\u0119 na pozytywnych aspektach \u017cycia, takich jak kreatywno\u015b\u0107, inteligencja emocjonalna, humor, m\u0105dro\u015b\u0107 i szcz\u0119\u015bcie. To stosunkowo nowy, ale pr\u0119\u017cnie rozwijaj\u0105cy si\u0119 nurt psychologii, kt\u00f3ry bada powi\u0105zania mi\u0119dzy cia\u0142em, umys\u0142em, kultur\u0105 a nauk\u0105, opracowuj\u0105c narz\u0119dzia i metody wspieraj\u0105ce popraw\u0119 jako\u015bci \u017cycia i samopoczucia.<\/p>\n<p>Rozwini\u0119ta przez psychologa Martina Seligmana w latach 90., psychologia pozytywna opiera si\u0119 na badaniach nad tym, co sprawia, \u017ce ludzie prowadz\u0105 satysfakcjonuj\u0105ce i spe\u0142nione \u017cycie. Seligman okre\u015bla\u0142 j\u0105 jako nauk\u0119 o tym, co nadaje \u017cyciu warto\u015b\u0107. Podwalinami pod psychologi\u0119 pozytywn\u0105 by\u0142y prace psycholog\u00f3w humanistycznych, mi\u0119dzy innymi Maslowa i Rogersa. Psychologia pozytywna analizuje, co czyni \u017cycie bardziej pe\u0142nym i satysfakcjonuj\u0105cym, a tak\u017ce przyczynia si\u0119 do rozwoju wewn\u0119trznej si\u0142y cz\u0142owieka. W ramach tej dziedziny analizowane s\u0105 takie elementy jak pozytywne emocje (np. rado\u015b\u0107, wdzi\u0119czno\u015b\u0107), zaanga\u017cowanie (stan \u201eflow\u201d), dobre relacje, poczucie sensu oraz osi\u0105ganie cel\u00f3w (model PERMA).<\/p>\n<p>Celem psychologii pozytywnej jest nie tylko redukcja cierpienia, ale przede wszystkim wzmacnianie zasob\u00f3w jednostki, by mog\u0142a ona lepiej radzi\u0107 sobie z wyzwaniami, rozwija\u0107 potencja\u0142 i zwi\u0119ksza\u0107 swoj\u0105 odporno\u015b\u0107 na stres, co przek\u0142ada si\u0119 na lepsze zdrowie psychiczne i satysfakcj\u0119 z \u017cycia. Psychologia pozytywna d\u0105\u017cy do zrozumienia, co nadaje \u017cyciu g\u0142\u0119bszy sens, satysfakcj\u0119 i spe\u0142nienie, a tak\u017ce opracowuje narz\u0119dzia pomagaj\u0105ce ludziom osi\u0105gn\u0105\u0107 te warto\u015bci. W obszarze bada\u0144 psychologii pozytywnej znajduje si\u0119 optymalne funkcjonowanie \u2013 analizowane s\u0105 warunki sprzyjaj\u0105ce rozwojowi jednostki w r\u00f3\u017cnych sferach, takich jak praca, nauka i \u017cycie rodzinne. R\u00f3wnie istotny jest rozw\u00f3j osobisty, obejmuj\u0105cy proces samorealizacji, doskonalenie siebie i d\u0105\u017cenie do pe\u0142nego potencja\u0142u. Psychologia pozytywna bada r\u00f3wnie\u017c relacje interpersonalne, koncentruj\u0105c si\u0119 na czynnikach, kt\u00f3re podnosz\u0105 ich jako\u015b\u0107, takich jak empatia, wsparcie i skuteczna komunikacja. Kluczowe miejsce zajmuj\u0105 si\u0142y osobiste \u2013 zdolno\u015bci do optymizmu, wdzi\u0119czno\u015bci, wytrwa\u0142o\u015bci i radzenia sobie ze stresem, kt\u00f3re przyczyniaj\u0105 si\u0119 do dobrostanu i odporno\u015bci psychicznej cz\u0142owieka.<\/p>\n<h2>Studia podylomowe na kierunku Psychologia Pozytywna<\/h2>\n<p>Podczas kszta\u0142cenia studenci zapoznaj\u0105 si\u0119 z terminologi\u0105, teoretycznymi koncepcjami psychologii pozytywnej, biologicznymi podstawami dobrostanu psychicznego oraz czynnikami wp\u0142ywaj\u0105cymi na szcz\u0119\u015bliwe \u017cycie, a tak\u017ce z metodologi\u0105 bada\u0144 w tej dziedzinie. Zgromadzona wiedza pozwoli na wdro\u017cenie teorii w dzia\u0142ania praktyczne, takie jak budowanie bliskich relacji interpersonalnych, rozwijanie zasob\u00f3w osobowo\u015bciowych, nauk\u0119 optymizmu oraz dostrzeganie pozytywnych aspekt\u00f3w w obliczu trudnych sytuacji, takich jak stres, choroba czy kryzys. Umiej\u0119tno\u015bci te umo\u017cliwi\u0105 r\u00f3wnie\u017c wprowadzanie pozytywnych zmian w organizacji, co prze\u0142o\u017cy si\u0119 na popraw\u0119 atmosfery pracy i wzrost efektywno\u015bci pracownik\u00f3w.<\/p>\n\n\n<div class=\"kk-star-ratings kksr-auto kksr-align-left kksr-valign-bottom\"\n    data-payload='{&quot;align&quot;:&quot;left&quot;,&quot;id&quot;:&quot;2426&quot;,&quot;slug&quot;:&quot;default&quot;,&quot;valign&quot;:&quot;bottom&quot;,&quot;ignore&quot;:&quot;&quot;,&quot;reference&quot;:&quot;auto&quot;,&quot;class&quot;:&quot;&quot;,&quot;count&quot;:&quot;1&quot;,&quot;legendonly&quot;:&quot;&quot;,&quot;readonly&quot;:&quot;&quot;,&quot;score&quot;:&quot;5&quot;,&quot;starsonly&quot;:&quot;&quot;,&quot;best&quot;:&quot;5&quot;,&quot;gap&quot;:&quot;5&quot;,&quot;greet&quot;:&quot;Twoja ocena&quot;,&quot;legend&quot;:&quot;Ocena 5\\\/5 - (1 g\u0142os\u00f3w)&quot;,&quot;size&quot;:&quot;24&quot;,&quot;title&quot;:&quot;Psychologia pozytywna&quot;,&quot;width&quot;:&quot;142.5&quot;,&quot;_legend&quot;:&quot;Ocena {score}\\\/{best} - ({count} g\u0142os\u00f3w)&quot;,&quot;font_factor&quot;:&quot;1.25&quot;}'>\n            \n<div class=\"kksr-stars\">\n    \n<div class=\"kksr-stars-inactive\">\n            <div class=\"kksr-star\" data-star=\"1\" style=\"padding-right: 5px\">\n            \n\n<div class=\"kksr-icon\" style=\"width: 24px; height: 24px;\"><\/div>\n        <\/div>\n            <div class=\"kksr-star\" data-star=\"2\" style=\"padding-right: 5px\">\n            \n\n<div class=\"kksr-icon\" style=\"width: 24px; height: 24px;\"><\/div>\n        <\/div>\n            <div class=\"kksr-star\" data-star=\"3\" style=\"padding-right: 5px\">\n            \n\n<div class=\"kksr-icon\" style=\"width: 24px; height: 24px;\"><\/div>\n        <\/div>\n            <div class=\"kksr-star\" data-star=\"4\" style=\"padding-right: 5px\">\n            \n\n<div class=\"kksr-icon\" style=\"width: 24px; height: 24px;\"><\/div>\n        <\/div>\n            <div class=\"kksr-star\" data-star=\"5\" style=\"padding-right: 5px\">\n            \n\n<div class=\"kksr-icon\" style=\"width: 24px; height: 24px;\"><\/div>\n        <\/div>\n    <\/div>\n    \n<div class=\"kksr-stars-active\" style=\"width: 142.5px;\">\n            <div class=\"kksr-star\" style=\"padding-right: 5px\">\n            \n\n<div class=\"kksr-icon\" style=\"width: 24px; height: 24px;\"><\/div>\n        <\/div>\n            <div class=\"kksr-star\" style=\"padding-right: 5px\">\n            \n\n<div class=\"kksr-icon\" style=\"width: 24px; height: 24px;\"><\/div>\n        <\/div>\n            <div class=\"kksr-star\" style=\"padding-right: 5px\">\n            \n\n<div class=\"kksr-icon\" style=\"width: 24px; height: 24px;\"><\/div>\n        <\/div>\n            <div class=\"kksr-star\" style=\"padding-right: 5px\">\n            \n\n<div class=\"kksr-icon\" style=\"width: 24px; height: 24px;\"><\/div>\n        <\/div>\n            <div class=\"kksr-star\" style=\"padding-right: 5px\">\n            \n\n<div class=\"kksr-icon\" style=\"width: 24px; height: 24px;\"><\/div>\n        <\/div>\n    <\/div>\n<\/div>\n                \n\n<div class=\"kksr-legend\" style=\"font-size: 19.2px;\">\n            Ocena 5\/5 - (1 g\u0142os\u00f3w)    <\/div>\n    <\/div>\n","protected":false},"excerpt":{"rendered":"<p>Psychologia pozytywna to ga\u0142\u0105\u017a psychologii, kt\u00f3ra koncentruje si\u0119 na badaniu i wspieraniu pozytywnych aspekt\u00f3w ludzkiego \u017cycia, takich jak szcz\u0119\u015bcie, zadowolenie, rozw\u00f3j osobisty oraz mocne strony jednostek i spo\u0142eczno\u015bci. W przeciwie\u0144stwie do tradycyjnej psychologii, kt\u00f3ra skupia si\u0119 g\u0142\u00f3wnie na diagnozowaniu zaburze\u0144 i leczeniu problem\u00f3w psychicznych, psychologia pozytywna stawia sobie za cel odkrywanie i wzmacnianie potencja\u0142u jednostki,zrozumienie i wzmacnianie czynnik\u00f3w wp\u0142ywaj\u0105cych na dobre samopoczucie i jako\u015b\u0107 \u017cycia. Tradycyjnie nauki psychologiczne skupia\u0142y si\u0119 g\u0142\u00f3wnie na negatywnych i patologicznych aspektach ludzkiego \u017cycia, takich jak l\u0119k, stres czy depresja, przy mniejszej uwadze na pozytywne strony, takie jak kreatywno\u015b\u0107, inteligencja emocjonalna, humor, m\u0105dro\u015b\u0107 i szcz\u0119\u015bcie. Psychologia &hellip; <\/p>\n","protected":false},"author":2,"featured_media":0,"parent":0,"menu_order":0,"comment_status":"closed","ping_status":"closed","template":"","meta":{"footnotes":""},"class_list":["post-2426","page","type-page","status-publish","hentry"],"_links":{"self":[{"href":"https:\/\/psychologuj.pl\/psychologia\/wp-json\/wp\/v2\/pages\/2426","targetHints":{"allow":["GET"]}}],"collection":[{"href":"https:\/\/psychologuj.pl\/psychologia\/wp-json\/wp\/v2\/pages"}],"about":[{"href":"https:\/\/psychologuj.pl\/psychologia\/wp-json\/wp\/v2\/types\/page"}],"author":[{"embeddable":true,"href":"https:\/\/psychologuj.pl\/psychologia\/wp-json\/wp\/v2\/users\/2"}],"replies":[{"embeddable":true,"href":"https:\/\/psychologuj.pl\/psychologia\/wp-json\/wp\/v2\/comments?post=2426"}],"version-history":[{"count":1,"href":"https:\/\/psychologuj.pl\/psychologia\/wp-json\/wp\/v2\/pages\/2426\/revisions"}],"predecessor-version":[{"id":2634,"href":"https:\/\/psychologuj.pl\/psychologia\/wp-json\/wp\/v2\/pages\/2426\/revisions\/2634"}],"wp:attachment":[{"href":"https:\/\/psychologuj.pl\/psychologia\/wp-json\/wp\/v2\/media?parent=2426"}],"curies":[{"name":"wp","href":"https:\/\/api.w.org\/{rel}","templated":true}]}}