{"id":1853,"date":"2024-06-28T10:58:10","date_gmt":"2024-06-28T08:58:10","guid":{"rendered":"https:\/\/psychologuj.pl\/psychologia\/?page_id=1853"},"modified":"2025-02-06T11:08:39","modified_gmt":"2025-02-06T10:08:39","slug":"wolontariat-psychologia-rybnik","status":"publish","type":"page","link":"https:\/\/psychologuj.pl\/psychologia\/wolontariat-psychologia-rybnik\/","title":{"rendered":"Wolontariat Psychologia Rybnik"},"content":{"rendered":"<h2>Kliniczny Szpital Psychiatryczny SPZOZ w Rybniku<\/h2>\n<p>Kliniczny Szpital Psychiatryczny SPZOZ w <a href=\"https:\/\/psychologuj.pl\/specjalisci\/rybnik-c6086586\">Rybniku<\/a> nale\u017cy do najwi\u0119kszych i najstarszych plac\u00f3wek psychiatrycznych (zak\u0142ad\u00f3w psychiatrycznych) w Polsce. Historia jego budowy si\u0119ga XIX wieku. Po czterech latach budowy w dniu 18 maja 1886 roku zosta\u0142 otwarty rybnicki <strong>Szpital dla Nerwowo i Psychicznie Chorych<\/strong>, obejmuj\u0105cy 18 obiekt\u00f3w, w tym 7 pawilon\u00f3w dla pacjent\u00f3w psychiatrycznych. Rybnicki szpital by\u0142 jednym z najwi\u0119kszych w Europie. Zosta\u0142 zbudowany na terenie nieodp\u0142atnie przekazanym na Rudzkiej G\u00f3rze, przy trakcie \u0142\u0105cz\u0105cym Rybnik z Gliwicami. Pocz\u0105tkowo szpital dysponowa\u0142 600 \u0142\u00f3\u017ckami. Po otwarciu rozpocz\u0119\u0142a si\u0119 druga, trwaj\u0105ca 12 lat faza budowy, w trakcie kt\u00f3rej wzniesiono 10 obiekt\u00f3w z czerwonej ceg\u0142y. Trzecia faza budowy obejmowa\u0142a realizacj\u0119 10 budynk\u00f3w, z kt\u00f3rych 3 przeznaczono dla pacjent\u00f3w, a pozosta\u0142e dla pracownik\u00f3w i personelu medycznego. W 1922 roku szpital przeszed\u0142 w r\u0119ce polskie i zmieni\u0142 nazw\u0119 na \u015al\u0105ski Zak\u0142ad Psychiatryczny. Przed wybuchem II wojny \u015bwiatowej szpital liczy\u0142 1094 pacjent\u00f3w i 287 pracownik\u00f3w.\u00a0 Szpital funkcjonowa\u0142 w tej formie do czas\u00f3w II wojny \u015bwiatowej, w efekcie kt\u00f3rej wi\u0119kszo\u015b\u0107 budynk\u00f3w zosta\u0142a zniszczona. Po wojnie kompleks by\u0142 odbudowywany przez 11 lat. W 2023 roku szpital psychiatryczny w Rybniku zosta\u0142 przekszta\u0142cony w klinik\u0119 do\u0142\u0105czaj\u0105c do grona szpitali III poziomu referencyjnego. Szpital zmieni\u0142 nazw\u0119 na Kliniczny Szpital Psychiatryczny SPZOZ w Rybniku. To osi\u0105gni\u0119cie jest wynikiem wsp\u00f3\u0142pracy z Akademi\u0105 Wychowania Fizycznego w Katowicach, zapocz\u0105tkowanej w 2020 roku. Dzi\u0119ki tej wsp\u00f3\u0142pracy w szpitalu \u015bwiadczone s\u0105 us\u0142ugi z zakresu fizjoterapii i rehabilitacji. W szpitalu przebywa \u015brednio oko\u0142o 700 pacjent\u00f3w z r\u00f3\u017cnorodnymi schorzeniami, a tak\u017ce funkcjonuj\u0105 oddzia\u0142y dzienne i s\u0105dowe. Wszystkie te czynniki sprawiaj\u0105, \u017ce Kliniczny Szpital Psychiatryczny w Rybniku stanowi warto\u015bciow\u0105 baz\u0119 dydaktyczno-naukow\u0105.<\/p>\n<h2>Wolontariat psychologiczny w Klinicznym Szpitalu Psychiatrycznym SPZOZ w Rybniku<\/h2>\n<p>Wolontariat w SP ZOZ Pa\u0144stwowym Szpitalu dla Nerwowo i Psychicznie Chorych w Rybniku jest dost\u0119pny dla os\u00f3b, kt\u00f3re spe\u0142niaj\u0105 nast\u0119puj\u0105ce kryteria: uko\u0144czy\u0142y studia magisterskie na kierunku psychologia (posiadaj\u0105 prawo wykonywania zawodu) lub s\u0105 studentami pi\u0105tego roku studi\u00f3w, oraz z\u0142o\u017c\u0105 podanie co najmniej miesi\u0105c przed rozpocz\u0119ciem. Wolontariat trwa przez ca\u0142y rok, z wy\u0142\u0105czeniem miesi\u0119cy wakacyjnych, a formularze zg\u0142oszeniowe nale\u017cy sk\u0142ada\u0107 co najmniej miesi\u0105c przed jego rozpocz\u0119ciem. Wnioski s\u0105 rozpatrywane na bie\u017c\u0105co, a studenci s\u0105 informowani o wynikach telefonicznie.<\/p>\n<p>Kandydaci na wolontariat musz\u0105 wykupi\u0107 ubezpieczenie OC dla os\u00f3b \u015bwiadcz\u0105cych us\u0142ugi o charakterze medycznym i personelu medycznego na czas trwania wolontariatu oraz przej\u015b\u0107 badania lekarskie, na kt\u00f3re skierowanie mo\u017cna uzyska\u0107 w Dziale Kadr.<\/p>\n<p><strong>Kontakt<\/strong><\/p>\n<p>SPZOZ Pa\u0144stwowy Szpital dla Nerwowo i Psychicznie Chorych w Rybniku<br \/>\nul. Gliwicka 33<br \/>\n44-201 Rybnik<\/p>\n<p>kancelaria@psychiatria.com<br \/>\nwww.psychiatria.com\/2021\/05\/praktyki-staze-wolontariat-w-sp-zoz-panstwowym-szpitalu-dla-nerwowo-i-psychicznie-chorych-w-rybniku<\/p>\n<hr \/>\n<p><strong><a href=\"https:\/\/psychologuj.pl\/psychologia\/wolontariat-psychologiczny\/\">Wolontariat psychologiczny<\/a> | <a href=\"https:\/\/psychologuj.pl\/specjalisci\/psychoterapeuta_rybnik-c6086586\">Psychoterapia Rybnik<\/a><\/strong><\/p>\n\n\n<div class=\"kk-star-ratings kksr-auto kksr-align-left kksr-valign-bottom\"\n    data-payload='{&quot;align&quot;:&quot;left&quot;,&quot;id&quot;:&quot;1853&quot;,&quot;slug&quot;:&quot;default&quot;,&quot;valign&quot;:&quot;bottom&quot;,&quot;ignore&quot;:&quot;&quot;,&quot;reference&quot;:&quot;auto&quot;,&quot;class&quot;:&quot;&quot;,&quot;count&quot;:&quot;1&quot;,&quot;legendonly&quot;:&quot;&quot;,&quot;readonly&quot;:&quot;&quot;,&quot;score&quot;:&quot;5&quot;,&quot;starsonly&quot;:&quot;&quot;,&quot;best&quot;:&quot;5&quot;,&quot;gap&quot;:&quot;5&quot;,&quot;greet&quot;:&quot;Twoja ocena&quot;,&quot;legend&quot;:&quot;Ocena 5\\\/5 - (1 g\u0142os\u00f3w)&quot;,&quot;size&quot;:&quot;24&quot;,&quot;title&quot;:&quot;Wolontariat Psychologia Rybnik&quot;,&quot;width&quot;:&quot;142.5&quot;,&quot;_legend&quot;:&quot;Ocena {score}\\\/{best} - ({count} g\u0142os\u00f3w)&quot;,&quot;font_factor&quot;:&quot;1.25&quot;}'>\n            \n<div class=\"kksr-stars\">\n    \n<div class=\"kksr-stars-inactive\">\n            <div class=\"kksr-star\" data-star=\"1\" style=\"padding-right: 5px\">\n            \n\n<div class=\"kksr-icon\" style=\"width: 24px; height: 24px;\"><\/div>\n        <\/div>\n            <div class=\"kksr-star\" data-star=\"2\" style=\"padding-right: 5px\">\n            \n\n<div class=\"kksr-icon\" style=\"width: 24px; height: 24px;\"><\/div>\n        <\/div>\n            <div class=\"kksr-star\" data-star=\"3\" style=\"padding-right: 5px\">\n            \n\n<div class=\"kksr-icon\" style=\"width: 24px; height: 24px;\"><\/div>\n        <\/div>\n            <div class=\"kksr-star\" data-star=\"4\" style=\"padding-right: 5px\">\n            \n\n<div class=\"kksr-icon\" style=\"width: 24px; height: 24px;\"><\/div>\n        <\/div>\n            <div class=\"kksr-star\" data-star=\"5\" style=\"padding-right: 5px\">\n            \n\n<div class=\"kksr-icon\" style=\"width: 24px; height: 24px;\"><\/div>\n        <\/div>\n    <\/div>\n    \n<div class=\"kksr-stars-active\" style=\"width: 142.5px;\">\n            <div class=\"kksr-star\" style=\"padding-right: 5px\">\n            \n\n<div class=\"kksr-icon\" style=\"width: 24px; height: 24px;\"><\/div>\n        <\/div>\n            <div class=\"kksr-star\" style=\"padding-right: 5px\">\n            \n\n<div class=\"kksr-icon\" style=\"width: 24px; height: 24px;\"><\/div>\n        <\/div>\n            <div class=\"kksr-star\" style=\"padding-right: 5px\">\n            \n\n<div class=\"kksr-icon\" style=\"width: 24px; height: 24px;\"><\/div>\n        <\/div>\n            <div class=\"kksr-star\" style=\"padding-right: 5px\">\n            \n\n<div class=\"kksr-icon\" style=\"width: 24px; height: 24px;\"><\/div>\n        <\/div>\n            <div class=\"kksr-star\" style=\"padding-right: 5px\">\n            \n\n<div class=\"kksr-icon\" style=\"width: 24px; height: 24px;\"><\/div>\n        <\/div>\n    <\/div>\n<\/div>\n                \n\n<div class=\"kksr-legend\" style=\"font-size: 19.2px;\">\n            Ocena 5\/5 - (1 g\u0142os\u00f3w)    <\/div>\n    <\/div>\n","protected":false},"excerpt":{"rendered":"<p>Kliniczny Szpital Psychiatryczny SPZOZ w Rybniku Kliniczny Szpital Psychiatryczny SPZOZ w Rybniku nale\u017cy do najwi\u0119kszych i najstarszych plac\u00f3wek psychiatrycznych (zak\u0142ad\u00f3w psychiatrycznych) w Polsce. Historia jego budowy si\u0119ga XIX wieku. Po czterech latach budowy w dniu 18 maja 1886 roku zosta\u0142 otwarty rybnicki Szpital dla Nerwowo i Psychicznie Chorych, obejmuj\u0105cy 18 obiekt\u00f3w, w tym 7 pawilon\u00f3w dla pacjent\u00f3w psychiatrycznych. Rybnicki szpital by\u0142 jednym z najwi\u0119kszych w Europie. Zosta\u0142 zbudowany na terenie nieodp\u0142atnie przekazanym na Rudzkiej G\u00f3rze, przy trakcie \u0142\u0105cz\u0105cym Rybnik z Gliwicami. Pocz\u0105tkowo szpital dysponowa\u0142 600 \u0142\u00f3\u017ckami. Po otwarciu rozpocz\u0119\u0142a si\u0119 druga, trwaj\u0105ca 12 lat faza budowy, w trakcie kt\u00f3rej wzniesiono &hellip; <\/p>\n","protected":false},"author":2,"featured_media":0,"parent":0,"menu_order":0,"comment_status":"closed","ping_status":"closed","template":"","meta":{"footnotes":""},"class_list":["post-1853","page","type-page","status-publish","hentry"],"_links":{"self":[{"href":"https:\/\/psychologuj.pl\/psychologia\/wp-json\/wp\/v2\/pages\/1853","targetHints":{"allow":["GET"]}}],"collection":[{"href":"https:\/\/psychologuj.pl\/psychologia\/wp-json\/wp\/v2\/pages"}],"about":[{"href":"https:\/\/psychologuj.pl\/psychologia\/wp-json\/wp\/v2\/types\/page"}],"author":[{"embeddable":true,"href":"https:\/\/psychologuj.pl\/psychologia\/wp-json\/wp\/v2\/users\/2"}],"replies":[{"embeddable":true,"href":"https:\/\/psychologuj.pl\/psychologia\/wp-json\/wp\/v2\/comments?post=1853"}],"version-history":[{"count":2,"href":"https:\/\/psychologuj.pl\/psychologia\/wp-json\/wp\/v2\/pages\/1853\/revisions"}],"predecessor-version":[{"id":2797,"href":"https:\/\/psychologuj.pl\/psychologia\/wp-json\/wp\/v2\/pages\/1853\/revisions\/2797"}],"wp:attachment":[{"href":"https:\/\/psychologuj.pl\/psychologia\/wp-json\/wp\/v2\/media?parent=1853"}],"curies":[{"name":"wp","href":"https:\/\/api.w.org\/{rel}","templated":true}]}}