{"id":1651,"date":"2024-06-17T14:52:56","date_gmt":"2024-06-17T12:52:56","guid":{"rendered":"https:\/\/psychologuj.pl\/psychologia\/?page_id=1651"},"modified":"2025-02-24T21:56:51","modified_gmt":"2025-02-24T20:56:51","slug":"znani-psychologowie","status":"publish","type":"page","link":"https:\/\/psychologuj.pl\/psychologia\/znani-psychologowie\/","title":{"rendered":"Znani psychologowie"},"content":{"rendered":"<h2>Najwa\u017cniejsi i najwybitniejsi psychologowie w historii psychologii<\/h2>\n<p>Abraham Maslow<br \/>\nAlbert Bandura<br \/>\nAlbert Ellis<br \/>\nAleksandr \u0141urija<br \/>\nAlfred Adler<br \/>\nAlfred Binet<br \/>\nAndrzej Eliasz<br \/>\nAndrzej Samson<br \/>\nBarbara Engelking<br \/>\nBarbara Harwas-Napiera\u0142a<br \/>\nBogdan Wojciszke<br \/>\n<a href=\"https:\/\/psychologuj.pl\/psychologia\/burrhus-frederic-skinner\/\">Burrhus Frederic Skinner<\/a><br \/>\nCarl Rogers<br \/>\nCharles Spearman<br \/>\nCzes\u0142aw Nosal<br \/>\nDaniel Goleman<br \/>\nDaniel Kahneman<br \/>\n<a href=\"https:\/\/psychologuj.pl\/psychologia\/daria-abramowicz\/\">Daria Abramowicz<\/a><br \/>\nDariusz Doli\u0144ski<br \/>\nDonald T. Campbell<br \/>\nEdward N\u0119cka<br \/>\nEdward Thorndike<br \/>\nEl\u017cbieta Hornowska<br \/>\nEl\u017cbieta Podle\u015bna<br \/>\nErik Erikson<br \/>\nEwa Woydy\u0142\u0142o-Osiaty\u0144ska<br \/>\nFritz Perls<br \/>\nGordon Allport<br \/>\nGustav Theodor Fechner<br \/>\nHans Eysenck<br \/>\nHarry Harlow<br \/>\nHarry Stack Sullivan<br \/>\nHelena S\u0119k<br \/>\nHermann Ebbinghaus<br \/>\nJacek Santorski<br \/>\nJames Cattell<br \/>\nJames Ward<br \/>\nJan Strelau<br \/>\nJanusz Czapi\u0144ski<br \/>\nJean Piaget<br \/>\nJerome Bruner<br \/>\nJerzy Brzezi\u0144ski<br \/>\nJohn Watson<br \/>\nKarl Jaspers<br \/>\nKazimierz D\u0105browski<br \/>\nKazimierz Imieli\u0144ski<br \/>\nKazimierz Obuchowski<br \/>\nKurt Goldstein<br \/>\nKurt Lewin<br \/>\nLechos\u0142aw Gapik<br \/>\nLeon Festinger<br \/>\nLeopold Blaustein<br \/>\nLew Wygotski<br \/>\nLidia Cierpia\u0142kowska<br \/>\nLidia Grzesiuk<br \/>\n<a href=\"https:\/\/psychologuj.pl\/psychologia\/marek-kotanski\/\">Marek Kota\u0144ski<\/a><br \/>\nMaria Beisert<br \/>\nMaria Lewicka<br \/>\nMaria Stra\u015b-Romanowska<br \/>\nMartin Seligman<br \/>\nMary Ainsworth<br \/>\n<a href=\"https:\/\/psychologuj.pl\/psychologia\/mary-cover-jones\/\">Mary Cover Jones<\/a><br \/>\n<a href=\"https:\/\/psychologuj.pl\/psychoterapia\/melanie-klein\/\">Melanie Klein<\/a><br \/>\nMih\u00e1ly Cs\u00edkszentmih\u00e1lyi<br \/>\n<a href=\"https:\/\/psychologuj.pl\/psychologia\/milton-erickson\/\">Milton Erickson<\/a><br \/>\nNatalia de Barbaro<br \/>\nOlga Tokarczuk<br \/>\nPaul Ekman<br \/>\nPhilip Zimbardo<br \/>\nPierre Janet<br \/>\nRaymond Cattell<br \/>\nRobert Cialdini<br \/>\nRobert David Hare<br \/>\nRobert Rosenthal<br \/>\nRobert Sternberg<br \/>\nRobert Zajonc<br \/>\nRollo May<br \/>\nSolomon Asch<br \/>\nStanislav Kratochv\u00edl<br \/>\nStanley Milgram<br \/>\nSteven Pinker<br \/>\nTimothy Leary<br \/>\nTomasz Witkowski<br \/>\nUrie Bronfenbrenner<br \/>\nViktor Frankl<br \/>\nVilayanur S. Ramachandran<br \/>\nWilhelm Wundt<br \/>\nWilliam James<br \/>\nWojciech Eichelberger<br \/>\nZbigniew N\u0119cki<\/p>\n<hr \/>\n<p><strong><a href=\"https:\/\/psychologuj.pl\/psychoterapia\/znani-psychoterapeuci\/\">Znani psychoterapeuci<\/a><\/strong><\/p>\n\n\n<div class=\"kk-star-ratings kksr-auto kksr-align-left kksr-valign-bottom\"\n    data-payload='{&quot;align&quot;:&quot;left&quot;,&quot;id&quot;:&quot;1651&quot;,&quot;slug&quot;:&quot;default&quot;,&quot;valign&quot;:&quot;bottom&quot;,&quot;ignore&quot;:&quot;&quot;,&quot;reference&quot;:&quot;auto&quot;,&quot;class&quot;:&quot;&quot;,&quot;count&quot;:&quot;2&quot;,&quot;legendonly&quot;:&quot;&quot;,&quot;readonly&quot;:&quot;&quot;,&quot;score&quot;:&quot;5&quot;,&quot;starsonly&quot;:&quot;&quot;,&quot;best&quot;:&quot;5&quot;,&quot;gap&quot;:&quot;5&quot;,&quot;greet&quot;:&quot;Twoja ocena&quot;,&quot;legend&quot;:&quot;Ocena 5\\\/5 - (2 g\u0142os\u00f3w)&quot;,&quot;size&quot;:&quot;24&quot;,&quot;title&quot;:&quot;Znani psychologowie&quot;,&quot;width&quot;:&quot;142.5&quot;,&quot;_legend&quot;:&quot;Ocena {score}\\\/{best} - ({count} g\u0142os\u00f3w)&quot;,&quot;font_factor&quot;:&quot;1.25&quot;}'>\n            \n<div class=\"kksr-stars\">\n    \n<div class=\"kksr-stars-inactive\">\n            <div class=\"kksr-star\" data-star=\"1\" style=\"padding-right: 5px\">\n            \n\n<div class=\"kksr-icon\" style=\"width: 24px; height: 24px;\"><\/div>\n        <\/div>\n            <div class=\"kksr-star\" data-star=\"2\" style=\"padding-right: 5px\">\n            \n\n<div class=\"kksr-icon\" style=\"width: 24px; height: 24px;\"><\/div>\n        <\/div>\n            <div class=\"kksr-star\" data-star=\"3\" style=\"padding-right: 5px\">\n            \n\n<div class=\"kksr-icon\" style=\"width: 24px; height: 24px;\"><\/div>\n        <\/div>\n            <div class=\"kksr-star\" data-star=\"4\" style=\"padding-right: 5px\">\n            \n\n<div class=\"kksr-icon\" style=\"width: 24px; height: 24px;\"><\/div>\n        <\/div>\n            <div class=\"kksr-star\" data-star=\"5\" style=\"padding-right: 5px\">\n            \n\n<div class=\"kksr-icon\" style=\"width: 24px; height: 24px;\"><\/div>\n        <\/div>\n    <\/div>\n    \n<div class=\"kksr-stars-active\" style=\"width: 142.5px;\">\n            <div class=\"kksr-star\" style=\"padding-right: 5px\">\n            \n\n<div class=\"kksr-icon\" style=\"width: 24px; height: 24px;\"><\/div>\n        <\/div>\n            <div class=\"kksr-star\" style=\"padding-right: 5px\">\n            \n\n<div class=\"kksr-icon\" style=\"width: 24px; height: 24px;\"><\/div>\n        <\/div>\n            <div class=\"kksr-star\" style=\"padding-right: 5px\">\n            \n\n<div class=\"kksr-icon\" style=\"width: 24px; height: 24px;\"><\/div>\n        <\/div>\n            <div class=\"kksr-star\" style=\"padding-right: 5px\">\n            \n\n<div class=\"kksr-icon\" style=\"width: 24px; height: 24px;\"><\/div>\n        <\/div>\n            <div class=\"kksr-star\" style=\"padding-right: 5px\">\n            \n\n<div class=\"kksr-icon\" style=\"width: 24px; height: 24px;\"><\/div>\n        <\/div>\n    <\/div>\n<\/div>\n                \n\n<div class=\"kksr-legend\" style=\"font-size: 19.2px;\">\n            Ocena 5\/5 - (2 g\u0142os\u00f3w)    <\/div>\n    <\/div>\n","protected":false},"excerpt":{"rendered":"<p>Najwa\u017cniejsi i najwybitniejsi psychologowie w historii psychologii Abraham Maslow Albert Bandura Albert Ellis Aleksandr \u0141urija Alfred Adler Alfred Binet Andrzej Eliasz Andrzej Samson Barbara Engelking Barbara Harwas-Napiera\u0142a Bogdan Wojciszke Burrhus Frederic Skinner Carl Rogers Charles Spearman Czes\u0142aw Nosal Daniel Goleman Daniel Kahneman Daria Abramowicz Dariusz Doli\u0144ski Donald T. Campbell Edward N\u0119cka Edward Thorndike El\u017cbieta Hornowska El\u017cbieta Podle\u015bna Erik Erikson Ewa Woydy\u0142\u0142o-Osiaty\u0144ska Fritz Perls Gordon Allport Gustav Theodor Fechner Hans Eysenck Harry Harlow Harry Stack Sullivan Helena S\u0119k Hermann Ebbinghaus Jacek Santorski James Cattell James Ward Jan Strelau Janusz Czapi\u0144ski Jean Piaget Jerome Bruner Jerzy Brzezi\u0144ski John Watson Karl Jaspers Kazimierz &hellip; <\/p>\n","protected":false},"author":2,"featured_media":0,"parent":0,"menu_order":0,"comment_status":"closed","ping_status":"closed","template":"","meta":{"footnotes":""},"class_list":["post-1651","page","type-page","status-publish","hentry"],"_links":{"self":[{"href":"https:\/\/psychologuj.pl\/psychologia\/wp-json\/wp\/v2\/pages\/1651","targetHints":{"allow":["GET"]}}],"collection":[{"href":"https:\/\/psychologuj.pl\/psychologia\/wp-json\/wp\/v2\/pages"}],"about":[{"href":"https:\/\/psychologuj.pl\/psychologia\/wp-json\/wp\/v2\/types\/page"}],"author":[{"embeddable":true,"href":"https:\/\/psychologuj.pl\/psychologia\/wp-json\/wp\/v2\/users\/2"}],"replies":[{"embeddable":true,"href":"https:\/\/psychologuj.pl\/psychologia\/wp-json\/wp\/v2\/comments?post=1651"}],"version-history":[{"count":2,"href":"https:\/\/psychologuj.pl\/psychologia\/wp-json\/wp\/v2\/pages\/1651\/revisions"}],"predecessor-version":[{"id":2895,"href":"https:\/\/psychologuj.pl\/psychologia\/wp-json\/wp\/v2\/pages\/1651\/revisions\/2895"}],"wp:attachment":[{"href":"https:\/\/psychologuj.pl\/psychologia\/wp-json\/wp\/v2\/media?parent=1651"}],"curies":[{"name":"wp","href":"https:\/\/api.w.org\/{rel}","templated":true}]}}