{"id":1570,"date":"2024-06-03T21:56:57","date_gmt":"2024-06-03T19:56:57","guid":{"rendered":"https:\/\/psychologuj.pl\/psychologia\/?page_id=1570"},"modified":"2025-06-02T19:11:13","modified_gmt":"2025-06-02T17:11:13","slug":"psychologia-lotnicza","status":"publish","type":"page","link":"https:\/\/psychologuj.pl\/psychologia\/psychologia-lotnicza\/","title":{"rendered":"Psychologia lotnicza"},"content":{"rendered":"<p>Studia podyplomowe o specjalno\u015bci <strong>Psychologia lotnicza w systemie zarz\u0105dzania bezpiecze\u0144stwem<\/strong> skierowane s\u0105 do absolwent\u00f3w <strong><a href=\"https:\/\/psychologuj.pl\/psychologia\/studia-psychologiczne\/\">studi\u00f3w wy\u017cszych na kierunku psychologia<\/a><\/strong> przynajmniej I stopnia albo jednolitych studi\u00f3w magisterskich oraz dla student\u00f3w V roku jednolitych studi\u00f3w magisterskich na kierunku psychologia lub student\u00f3w ostatniego roku studi\u00f3w na kierunku psychologia II stopnia, kt\u00f3rzy planuj\u0105 uzyska\u0107 dodatkowe kwalifikacje z zakresu psychologii lotniczej.<\/p>\n<p>Studia maj\u0105 na celu przygotowanie uczestnik\u00f3w do pracy jako <a href=\"https:\/\/psychologuj.pl\/specjalisci\/psycholog\">psychologowie<\/a> w organizacjach lotniczych, zar\u00f3wno cywilnych, jak i wojskowych. Nowoczesny system bezpiecze\u0144stwa lotniczego opiera si\u0119 na przekonaniu, \u017ce promowanie kultury bezpiecze\u0144stwa przez w\u0142a\u015bciwy dob\u00f3r personelu i zwi\u0119kszanie wiedzy psycholog\u00f3w, kt\u00f3rzy regularnie wspieraj\u0105 i dbaj\u0105 o kondycj\u0119 psychofizyczn\u0105 personelu, jest najskuteczniejsze. Takie podej\u015bcie umo\u017cliwia bardziej odpowiednie dzia\u0142ania zwi\u0105zane z selekcj\u0105 i wsparciem personelu lotniczego.<\/p>\n<p>Studia te umo\u017cliwiaj\u0105 zdobycie g\u0142\u0119bszej i szerszej wiedzy w zakresie metod diagnostycznych stosowanych przy badaniach personelu lotniczego, ludzkich ogranicze\u0144 psychofizjologicznych, procedur bezpiecze\u0144stwa w lotnictwie oraz psychologii proces\u00f3w grupowych i osobowo\u015bci, kt\u00f3re s\u0105 niezb\u0119dne do bezpiecznego wykonywania zada\u0144 lotniczych. Ponadto, program obejmuje analiz\u0119 i ocen\u0119 ryzyka w kontek\u015bcie budowania kultury bezpiecze\u0144stwa oraz psychologi\u0119 stresu w wymagaj\u0105cych i niebezpiecznych zawodach.<\/p>\n<h2>Psychologia lotnicza &#8211; studia podyplomowe<\/h2>\n<p><a href=\"https:\/\/psychologuj.pl\/psychologia\/studia-podyplomowe-z-psychologii\/\">Studia podyplomowe z psychologii<\/a> o specjalno\u015bci <strong>Psychologia lotnicza w systemie zarz\u0105dzania bezpiecze\u0144stwem <\/strong>prowadzone s\u0105 przez Wydzia\u0142 Bezpiecze\u0144stwa Lotniczego.<\/p>\n<ul>\n<li><strong>Realizowane s\u0105 w formie hybrydowej, \u0142\u0105cz\u0105cej zdalne i stacjonarne zaj\u0119cia.<\/strong><\/li>\n<li><strong>Program obejmuje 206 godzin i jest roz\u0142o\u017cony na dwa semestry.<\/strong><\/li>\n<li><strong>Studia s\u0105 p\u0142atne, a wysoko\u015b\u0107 czesnego ustalana jest przez Senat Uczelni i regulowana zarz\u0105dzeniem Rektora-Komendanta LAW.<\/strong><\/li>\n<li><strong>Program studi\u00f3w zawiera doskonalenie umiej\u0119tno\u015bci praktycznych zwi\u0105zanych z diagnoz\u0105 personelu lotniczego.<\/strong><\/li>\n<li><strong>Po spe\u0142nieniu wymog\u00f3w dydaktycznych, przedstawieniu pisemnej pracy ko\u0144cowej oraz zdaniu egzaminu ko\u0144cowego, absolwenci otrzymuj\u0105 \u015bwiadectwo uko\u0144czenia studi\u00f3w podyplomowych.<\/strong><\/li>\n<\/ul>\n<h2>Psycholog lotniczy &#8211; profil absolwenta studi\u00f3w podyplomowych<\/h2>\n<p>Absolwenci studi\u00f3w podyplomowych Psychologia lotnicza \u2013 zarz\u0105dzanie bezpiecze\u0144stwem zdob\u0119d\u0105 umiej\u0119tno\u015bci niezb\u0119dne do realizacji zada\u0144 okre\u015blonych w Rozporz\u0105dzeniu Komisji (UE) 2018\/1042 z 23 lipca 2018 r., kt\u00f3re zmienia rozporz\u0105dzenie (UE) nr 965\/2012. B\u0119d\u0105 mogli prowadzi\u0107 programy wsparcia, przeprowadza\u0107 testy psychologiczne za\u0142ogi lotniczej oraz systematyczne i losowe badania na obecno\u015b\u0107 substancji psychoaktywnych, aby zapewni\u0107 fizyczn\u0105 i psychiczn\u0105 sprawno\u015b\u0107 za\u0142ogi i personelu pok\u0142adowego. Ponadto b\u0119d\u0105 posiada\u0107 wiedz\u0119 na temat wyposa\u017cenia nowych samolot\u00f3w z nap\u0119dem turbinowym, o maksymalnej masie startowej do 5700 kg, w systemy ostrzegania o przeszkodach terenowych dla samolot\u00f3w przewo\u017c\u0105cych od sze\u015bciu do dziewi\u0119ciu pasa\u017cer\u00f3w.<\/p>\n<h2>Mo\u017cliwo\u015bci pracy na stanowisku psycholog lotniczy<\/h2>\n<p>Absolwenci studi\u00f3w podyplomowych mog\u0105 pracowa\u0107 jako psycholodzy lotniczy w miejscach, takich jak:<\/p>\n<ul>\n<li>struktury organizacyjne wydzia\u0142\u00f3w bezpiecze\u0144stwa i zarz\u0105dzania bezpiecze\u0144stwem lotniczym,<\/li>\n<li>certyfikowane o\u015brodki szkolenia lotniczego,<\/li>\n<li>Urz\u0105d Lotnictwa Cywilnego,<\/li>\n<li>jednostki wojskowe w Si\u0142ach Powietrznych,<\/li>\n<li>kom\u00f3rki bezpiecze\u0144stwa lotniczego w s\u0142u\u017cbach mundurowych posiadaj\u0105cych sprz\u0119t lotniczy, takich jak WOT, Policja i Stra\u017c Graniczna,<\/li>\n<li>europejskie linie lotnicze,<\/li>\n<li>zak\u0142ady i firmy zajmuj\u0105ce si\u0119 bezpiecze\u0144stwem lotniczym.<\/li>\n<\/ul>\n<h2>Rekrutacja na studia podyplomowe z psychologii lotniczej<\/h2>\n<p>Na studia podyplomowe trwaj\u0105ce dwa semestry mog\u0105 by\u0107 przyj\u0119te osoby, kt\u00f3re:<\/p>\n<ul>\n<li>posiadaj\u0105 dyplom uko\u0144czenia studi\u00f3w wy\u017cszych na kierunku psychologia przynajmniej I stopnia lub jednolitych studi\u00f3w magisterskich,<\/li>\n<li>s\u0105 studentami V roku jednolitych studi\u00f3w magisterskich na kierunku psychologia lub studentami ostatniego roku studi\u00f3w na kierunku psychologia II stopnia.<\/li>\n<\/ul>\n<p>Rekrutacj\u0119 przeprowadza kierownik studi\u00f3w podyplomowych lub jego zast\u0119pca. Kierownik lub zast\u0119pca kierownika <a href=\"https:\/\/psychologuj.pl\/psychologia\/co-warto-wiedziec-przed-rozpoczeciem-studiow-podyplomowych-z-psychologii\/\">studi\u00f3w podyplomowych z zakresu psychologii<\/a> og\u0142asza na stronie internetowej LAW szczeg\u00f3\u0142owe warunki rekrutacji, w tym kryteria kwalifikacyjne, terminy i miejsce sk\u0142adania dokument\u00f3w, zasady i wysoko\u015b\u0107 op\u0142at, minimaln\u0105 liczb\u0119 uczestnik\u00f3w konieczn\u0105 do uruchomienia edycji studi\u00f3w, limit uczestnik\u00f3w, czas trwania studi\u00f3w oraz terminy i miejsce sk\u0142adania dokument\u00f3w.<\/p>\n<p><em>\u017ar\u00f3d\u0142o: https:\/\/www.wojsko-polskie.pl\/law\/studia-podyplomowe-kierunki\/<\/em><\/p>\n\n\n<div class=\"kk-star-ratings kksr-auto kksr-align-left kksr-valign-bottom\"\n    data-payload='{&quot;align&quot;:&quot;left&quot;,&quot;id&quot;:&quot;1570&quot;,&quot;slug&quot;:&quot;default&quot;,&quot;valign&quot;:&quot;bottom&quot;,&quot;ignore&quot;:&quot;&quot;,&quot;reference&quot;:&quot;auto&quot;,&quot;class&quot;:&quot;&quot;,&quot;count&quot;:&quot;6&quot;,&quot;legendonly&quot;:&quot;&quot;,&quot;readonly&quot;:&quot;&quot;,&quot;score&quot;:&quot;4.7&quot;,&quot;starsonly&quot;:&quot;&quot;,&quot;best&quot;:&quot;5&quot;,&quot;gap&quot;:&quot;5&quot;,&quot;greet&quot;:&quot;Twoja ocena&quot;,&quot;legend&quot;:&quot;Ocena 4.7\\\/5 - (6 g\u0142os\u00f3w)&quot;,&quot;size&quot;:&quot;24&quot;,&quot;title&quot;:&quot;Psychologia lotnicza&quot;,&quot;width&quot;:&quot;133.8&quot;,&quot;_legend&quot;:&quot;Ocena {score}\\\/{best} - ({count} g\u0142os\u00f3w)&quot;,&quot;font_factor&quot;:&quot;1.25&quot;}'>\n            \n<div class=\"kksr-stars\">\n    \n<div class=\"kksr-stars-inactive\">\n            <div class=\"kksr-star\" data-star=\"1\" style=\"padding-right: 5px\">\n            \n\n<div class=\"kksr-icon\" style=\"width: 24px; height: 24px;\"><\/div>\n        <\/div>\n            <div class=\"kksr-star\" data-star=\"2\" style=\"padding-right: 5px\">\n            \n\n<div class=\"kksr-icon\" style=\"width: 24px; height: 24px;\"><\/div>\n        <\/div>\n            <div class=\"kksr-star\" data-star=\"3\" style=\"padding-right: 5px\">\n            \n\n<div class=\"kksr-icon\" style=\"width: 24px; height: 24px;\"><\/div>\n        <\/div>\n            <div class=\"kksr-star\" data-star=\"4\" style=\"padding-right: 5px\">\n            \n\n<div class=\"kksr-icon\" style=\"width: 24px; height: 24px;\"><\/div>\n        <\/div>\n            <div class=\"kksr-star\" data-star=\"5\" style=\"padding-right: 5px\">\n            \n\n<div class=\"kksr-icon\" style=\"width: 24px; height: 24px;\"><\/div>\n        <\/div>\n    <\/div>\n    \n<div class=\"kksr-stars-active\" style=\"width: 133.8px;\">\n            <div class=\"kksr-star\" style=\"padding-right: 5px\">\n            \n\n<div class=\"kksr-icon\" style=\"width: 24px; height: 24px;\"><\/div>\n        <\/div>\n            <div class=\"kksr-star\" style=\"padding-right: 5px\">\n            \n\n<div class=\"kksr-icon\" style=\"width: 24px; height: 24px;\"><\/div>\n        <\/div>\n            <div class=\"kksr-star\" style=\"padding-right: 5px\">\n            \n\n<div class=\"kksr-icon\" style=\"width: 24px; height: 24px;\"><\/div>\n        <\/div>\n            <div class=\"kksr-star\" style=\"padding-right: 5px\">\n            \n\n<div class=\"kksr-icon\" style=\"width: 24px; height: 24px;\"><\/div>\n        <\/div>\n            <div class=\"kksr-star\" style=\"padding-right: 5px\">\n            \n\n<div class=\"kksr-icon\" style=\"width: 24px; height: 24px;\"><\/div>\n        <\/div>\n    <\/div>\n<\/div>\n                \n\n<div class=\"kksr-legend\" style=\"font-size: 19.2px;\">\n            Ocena 4.7\/5 - (6 g\u0142os\u00f3w)    <\/div>\n    <\/div>\n","protected":false},"excerpt":{"rendered":"<p>Studia podyplomowe o specjalno\u015bci Psychologia lotnicza w systemie zarz\u0105dzania bezpiecze\u0144stwem skierowane s\u0105 do absolwent\u00f3w studi\u00f3w wy\u017cszych na kierunku psychologia przynajmniej I stopnia albo jednolitych studi\u00f3w magisterskich oraz dla student\u00f3w V roku jednolitych studi\u00f3w magisterskich na kierunku psychologia lub student\u00f3w ostatniego roku studi\u00f3w na kierunku psychologia II stopnia, kt\u00f3rzy planuj\u0105 uzyska\u0107 dodatkowe kwalifikacje z zakresu psychologii lotniczej. Studia maj\u0105 na celu przygotowanie uczestnik\u00f3w do pracy jako psychologowie w organizacjach lotniczych, zar\u00f3wno cywilnych, jak i wojskowych. Nowoczesny system bezpiecze\u0144stwa lotniczego opiera si\u0119 na przekonaniu, \u017ce promowanie kultury bezpiecze\u0144stwa przez w\u0142a\u015bciwy dob\u00f3r personelu i zwi\u0119kszanie wiedzy psycholog\u00f3w, kt\u00f3rzy regularnie wspieraj\u0105 i dbaj\u0105 o &hellip; <\/p>\n","protected":false},"author":2,"featured_media":1571,"parent":0,"menu_order":0,"comment_status":"closed","ping_status":"closed","template":"","meta":{"footnotes":""},"class_list":["post-1570","page","type-page","status-publish","has-post-thumbnail","hentry"],"_links":{"self":[{"href":"https:\/\/psychologuj.pl\/psychologia\/wp-json\/wp\/v2\/pages\/1570","targetHints":{"allow":["GET"]}}],"collection":[{"href":"https:\/\/psychologuj.pl\/psychologia\/wp-json\/wp\/v2\/pages"}],"about":[{"href":"https:\/\/psychologuj.pl\/psychologia\/wp-json\/wp\/v2\/types\/page"}],"author":[{"embeddable":true,"href":"https:\/\/psychologuj.pl\/psychologia\/wp-json\/wp\/v2\/users\/2"}],"replies":[{"embeddable":true,"href":"https:\/\/psychologuj.pl\/psychologia\/wp-json\/wp\/v2\/comments?post=1570"}],"version-history":[{"count":2,"href":"https:\/\/psychologuj.pl\/psychologia\/wp-json\/wp\/v2\/pages\/1570\/revisions"}],"predecessor-version":[{"id":3016,"href":"https:\/\/psychologuj.pl\/psychologia\/wp-json\/wp\/v2\/pages\/1570\/revisions\/3016"}],"wp:featuredmedia":[{"embeddable":true,"href":"https:\/\/psychologuj.pl\/psychologia\/wp-json\/wp\/v2\/media\/1571"}],"wp:attachment":[{"href":"https:\/\/psychologuj.pl\/psychologia\/wp-json\/wp\/v2\/media?parent=1570"}],"curies":[{"name":"wp","href":"https:\/\/api.w.org\/{rel}","templated":true}]}}