{"id":127,"date":"2023-08-22T23:31:09","date_gmt":"2023-08-22T21:31:09","guid":{"rendered":"https:\/\/psychologuj.pl\/?page_id=127"},"modified":"2025-05-30T08:10:08","modified_gmt":"2025-05-30T06:10:08","slug":"praca-psychologa","status":"publish","type":"page","link":"https:\/\/psychologuj.pl\/psychologia\/praca-psychologa\/","title":{"rendered":"Praca psychologa"},"content":{"rendered":"<p>Praca psychologa jest niezwykle zr\u00f3\u017cnicowana i obejmuje wiele obszar\u00f3w dzia\u0142ania. Psycholodzy anga\u017cuj\u0105 si\u0119 w r\u00f3\u017cne dziedziny, w tym kliniczn\u0105, edukacyjn\u0105, badawcz\u0105, organizacyjn\u0105 i spo\u0142eczn\u0105, aby pom\u00f3c ludziom zrozumie\u0107 i radzi\u0107 sobie z ich emocjami, zachowaniami oraz relacjami. Psycholog to zaw\u00f3d, kt\u00f3ry wymaga\u00a0nieustannej nauki i ci\u0105g\u0142ego podnoszenia kwalifikacji<\/p>\n<h2>Stanowiska i zawody wykonywane przez psycholog\u00f3w<\/h2>\n<h3><a href=\"https:\/\/psychologuj.pl\/psychologia\/psycholog-kliniczny\/\">Psycholog kliniczny<\/a><\/h3>\n<p><strong>Psycholog diagnosta <\/strong>&#8211; psycholodzy kliniczni specjalizuj\u0105 si\u0119 w diagnozie psychologicznej &#8211; przeprowadzaj\u0105 ocen\u0119 i diagnozowanie zaburze\u0144 psychicznych, korzystaj\u0105c z test\u00f3w psychologicznych, obserwacji i wywiad\u00f3w.<\/p>\n<p><strong>Psychoterapia<\/strong> &#8211; psycholodzy kliniczni pracuj\u0105 z osobami cierpi\u0105cymi na problemy emocjonalne, psychiczne i behawioralne. Pracuj\u0105 nad wspieraniem pacjent\u00f3w w radzeniu sobie z l\u0119kiem, depresj\u0105, traum\u0105 i innymi trudno\u015bciami \u017cyciowymi.<\/p>\n<h3>Psycholog szkolny<\/h3>\n<p>Psycholog szkolny to psycholog pracuj\u0105cy w systemie edukacji formalnej. Psycholodzy szkolni pracuj\u0105 z uczniami, kt\u00f3rzy potrzebuj\u0105 spersonalizowanego wsparcia edukacyjnego z powodu trudno\u015bci w nauce lub niepe\u0142nosprawno\u015bci. Ocena i wsparcie specjalnych potrzeb edukacyjnych.<\/p>\n<h3>Psycholog edukacyjny<\/h3>\n<p><strong>Doradztwo zawodowe<\/strong> &#8211; psycholodzy edukacyjni wspieraj\u0105 uczni\u00f3w w rozwoju akademickim i osobistym, oferuj\u0105c poradnictwo dotycz\u0105ce wyboru kierunku edukacji oraz radzenia sobie z trudno\u015bciami w nauce.<\/p>\n<h3>Psycholog pracy i organizacji<\/h3>\n<p><strong>Specjalista HR &#8211; <\/strong>selekcja i rekrutacja pracownik\u00f3w to obszar w kt\u00f3rym specjalizuj\u0105 si\u0119 psycholodzy pracy, pomagaj\u0105 firmom w doborze pracownik\u00f3w poprzez ocen\u0119 umiej\u0119tno\u015bci, osobowo\u015bci i potencja\u0142u kandydat\u00f3w.<\/p>\n<p><strong>Rozw\u00f3j zawodowy<\/strong> &#8211; psycholodzy organizacyjni wspieraj\u0105 pracownik\u00f3w w ich rozwoju zawodowym, pomagaj\u0105c w identyfikacji cel\u00f3w zawodowych i \u015bcie\u017cek kariery.<\/p>\n<p><strong>Zarz\u0105dzanie stresem<\/strong> &#8211; psycholodzy pomagaj\u0105 pracownikom w radzeniu sobie ze stresem i konfliktami w miejscu pracy oraz w poprawie relacji mi\u0119dzy pracownikami.<\/p>\n<h3>Psycholog zdrowia<\/h3>\n<p><a href=\"https:\/\/psychologuj.pl\/psychologia\/jak-wybrac-najlepsza-poradnie-psychologiczna-w-krakowie\/\"><strong>Poradnia psychologiczna<\/strong><\/a> &#8211; psycholodzy zdrowia wspieraj\u0105 osoby cierpi\u0105ce na problemy zdrowotne poprzez radzenie sobie z l\u0119kiem, stresem i depresj\u0105 zwi\u0105zanymi z chorobami przewlek\u0142ymi. Psycholodzy promuj\u0105 zdrowe zachowania i zmiany stylu \u017cycia, takie jak rzucanie palenia, odchudzanie i aktywno\u015b\u0107 fizyczna.<\/p>\n<p><strong>Poradnictwo i terapia rodzinna<\/strong><\/p>\n<p>Psycholodzy pracuj\u0105 z rodzinami, aby poprawi\u0107 komunikacj\u0119, rozwi\u0105zywa\u0107 konflikty i wspiera\u0107 relacje mi\u0119dzy cz\u0142onkami rodziny.<\/p>\n<p><strong>Interwent kryzysowy<\/strong><\/p>\n<p>Interwent kryzysowy to psycholog, kt\u00f3ry oferuje natychmiastowe wsparcie emocjonalne i praktyczne dla os\u00f3b znajduj\u0105cych si\u0119 w sytuacji kryzysu \u017cyciowego. Jego zadaniem jest ocena sytuacji, udzielenie natychmiastowego wsparcia oraz kierowanie do dalszej pomocy, je\u015bli jest to potrzebne.<\/p>\n<h3>Psycholog spo\u0142eczny<\/h3>\n<p><strong>Psychologowie spo\u0142eczni<\/strong> pracuj\u0105 nad prewencj\u0105 i interwencj\u0105 w przypadkach przemocy domowej, nadu\u017cy\u0107 czy molestowania. Psycholodzy spo\u0142eczni zajmuj\u0105 si\u0119 badaniem i promowaniem zrozumienia r\u00f3\u017cnic kulturowych, etnicznych i spo\u0142ecznych oraz tworzeniem bardziej inkluzywnych spo\u0142eczno\u015bci.<\/p>\n<h3>Badania naukowe<\/h3>\n<p><strong>Psycholodzy akademiccy<\/strong> i badacze prowadz\u0105 badania nad r\u00f3\u017cnymi aspektami ludzkiego zachowania i umys\u0142u. Badania mog\u0105 dotyczy\u0107 pami\u0119ci, uczenia si\u0119, emocji, osobowo\u015bci i innych obszar\u00f3w psychologicznych.<\/p>\n<h3>Psycholog sportu<\/h3>\n<p><strong>Psycholodzy sportu<\/strong> pomagaj\u0105 sportowcom w osi\u0105ganiu najlepszych wynik\u00f3w poprzez radzenie sobie ze stresem, koncentracj\u0105 i motywacj\u0105.<\/p>\n<h3>Psycholog s\u0105dowy<\/h3>\n<p><strong>Bieg\u0142y psycholog s\u0105dowy<\/strong> ocenia zdolno\u015b\u0107 os\u00f3b do podejmowania decyzji prawnych i reprezentowania siebie przed s\u0105dem.<\/p>\n<p><strong>Profilowanie przest\u0119pc\u00f3w<\/strong> &#8211; psycholodzy s\u0105dowi mog\u0105 pracowa\u0107 nad tworzeniem profil\u00f3w przest\u0119pc\u00f3w na podstawie analizy zachowa\u0144 i charakterystyk psychologicznych.<\/p>\n<h3>Psycholog penitencjarny<\/h3>\n<p>Psycholog penitencjarny pracuje w systemie penitencjarnym lub zak\u0142adach karnych. Jego g\u0142\u00f3wnym celem jest ocena, diagnoza i leczenie problem\u00f3w emocjonalnych oraz behawioralnych osadzonych. Pomaga r\u00f3wnie\u017c w resocjalizacji oraz zapobieganiu recydywie poprzez terapi\u0119 i wsparcie psychologiczne.<\/p>\n<h3>Psycholog policyjny<\/h3>\n<p>Psycholog policyjny stosuje wiedz\u0119 psychologiczn\u0105 w obszarze dzia\u0142a\u0144 policyjnych. Jego zadania obejmuj\u0105 ocen\u0119 kandydat\u00f3w na stanowiska policyjne, wsparcie policjant\u00f3w w radzeniu sobie ze stresem oraz traumatycznymi sytuacjami, prowadzenie negocjacji w sytuacjach kryzysowych oraz analiz\u0119 zachowa\u0144 przest\u0119pczych i profilowanie przest\u0119pc\u00f3w.<\/p>\n<h3>Psycholog transportu<\/h3>\n<p>Psycholog transportu zajmuje si\u0119 wp\u0142ywem czynnik\u00f3w psychologicznych na zachowania kierowc\u00f3w, pasa\u017cer\u00f3w oraz u\u017cytkownik\u00f3w innych \u015brodk\u00f3w transportu. Jego zadaniem jest analiza i poprawa bezpiecze\u0144stwa drogowego poprzez badania nad percepcj\u0105, uwag\u0105, reakcjami na stres oraz zachowaniami za kierownic\u0105, a tak\u017ce projektowanie interwencji maj\u0105cych na celu zmniejszenie ryzyka wypadk\u00f3w drogowych. Psychologowie transportu wykonuj\u0105 r\u00f3wnie\u017c badania psychotechniczne kierowc\u00f3w oraz np. operator\u00f3w maszyn budowlanych, kt\u00f3rych celem jest stwierdzenie lub brak przeciwwskaza\u0144 psychologicznych do kierowania pojazdami mechanicznymi.<\/p>\n\n\n<div class=\"kk-star-ratings kksr-auto kksr-align-left kksr-valign-bottom\"\n    data-payload='{&quot;align&quot;:&quot;left&quot;,&quot;id&quot;:&quot;127&quot;,&quot;slug&quot;:&quot;default&quot;,&quot;valign&quot;:&quot;bottom&quot;,&quot;ignore&quot;:&quot;&quot;,&quot;reference&quot;:&quot;auto&quot;,&quot;class&quot;:&quot;&quot;,&quot;count&quot;:&quot;0&quot;,&quot;legendonly&quot;:&quot;&quot;,&quot;readonly&quot;:&quot;&quot;,&quot;score&quot;:&quot;0&quot;,&quot;starsonly&quot;:&quot;&quot;,&quot;best&quot;:&quot;5&quot;,&quot;gap&quot;:&quot;5&quot;,&quot;greet&quot;:&quot;Twoja ocena&quot;,&quot;legend&quot;:&quot;Ocena 0\\\/5 - (0 g\u0142os\u00f3w)&quot;,&quot;size&quot;:&quot;24&quot;,&quot;title&quot;:&quot;Praca psychologa&quot;,&quot;width&quot;:&quot;0&quot;,&quot;_legend&quot;:&quot;Ocena {score}\\\/{best} - ({count} g\u0142os\u00f3w)&quot;,&quot;font_factor&quot;:&quot;1.25&quot;}'>\n            \n<div class=\"kksr-stars\">\n    \n<div class=\"kksr-stars-inactive\">\n            <div class=\"kksr-star\" data-star=\"1\" style=\"padding-right: 5px\">\n            \n\n<div class=\"kksr-icon\" style=\"width: 24px; height: 24px;\"><\/div>\n        <\/div>\n            <div class=\"kksr-star\" data-star=\"2\" style=\"padding-right: 5px\">\n            \n\n<div class=\"kksr-icon\" style=\"width: 24px; height: 24px;\"><\/div>\n        <\/div>\n            <div class=\"kksr-star\" data-star=\"3\" style=\"padding-right: 5px\">\n            \n\n<div class=\"kksr-icon\" style=\"width: 24px; height: 24px;\"><\/div>\n        <\/div>\n            <div class=\"kksr-star\" data-star=\"4\" style=\"padding-right: 5px\">\n            \n\n<div class=\"kksr-icon\" style=\"width: 24px; height: 24px;\"><\/div>\n        <\/div>\n            <div class=\"kksr-star\" data-star=\"5\" style=\"padding-right: 5px\">\n            \n\n<div class=\"kksr-icon\" style=\"width: 24px; height: 24px;\"><\/div>\n        <\/div>\n    <\/div>\n    \n<div class=\"kksr-stars-active\" style=\"width: 0px;\">\n            <div class=\"kksr-star\" style=\"padding-right: 5px\">\n            \n\n<div class=\"kksr-icon\" style=\"width: 24px; height: 24px;\"><\/div>\n        <\/div>\n            <div class=\"kksr-star\" style=\"padding-right: 5px\">\n            \n\n<div class=\"kksr-icon\" style=\"width: 24px; height: 24px;\"><\/div>\n        <\/div>\n            <div class=\"kksr-star\" style=\"padding-right: 5px\">\n            \n\n<div class=\"kksr-icon\" style=\"width: 24px; height: 24px;\"><\/div>\n        <\/div>\n            <div class=\"kksr-star\" style=\"padding-right: 5px\">\n            \n\n<div class=\"kksr-icon\" style=\"width: 24px; height: 24px;\"><\/div>\n        <\/div>\n            <div class=\"kksr-star\" style=\"padding-right: 5px\">\n            \n\n<div class=\"kksr-icon\" style=\"width: 24px; height: 24px;\"><\/div>\n        <\/div>\n    <\/div>\n<\/div>\n                \n\n<div class=\"kksr-legend\" style=\"font-size: 19.2px;\">\n            <span class=\"kksr-muted\">Twoja ocena<\/span>\n    <\/div>\n    <\/div>\n","protected":false},"excerpt":{"rendered":"<p>Praca psychologa jest niezwykle zr\u00f3\u017cnicowana i obejmuje wiele obszar\u00f3w dzia\u0142ania. Psycholodzy anga\u017cuj\u0105 si\u0119 w r\u00f3\u017cne dziedziny, w tym kliniczn\u0105, edukacyjn\u0105, badawcz\u0105, organizacyjn\u0105 i spo\u0142eczn\u0105, aby pom\u00f3c ludziom zrozumie\u0107 i radzi\u0107 sobie z ich emocjami, zachowaniami oraz relacjami. Psycholog to zaw\u00f3d, kt\u00f3ry wymaga\u00a0nieustannej nauki i ci\u0105g\u0142ego podnoszenia kwalifikacji Stanowiska i zawody wykonywane przez psycholog\u00f3w Psycholog kliniczny Psycholog diagnosta &#8211; psycholodzy kliniczni specjalizuj\u0105 si\u0119 w diagnozie psychologicznej &#8211; przeprowadzaj\u0105 ocen\u0119 i diagnozowanie zaburze\u0144 psychicznych, korzystaj\u0105c z test\u00f3w psychologicznych, obserwacji i wywiad\u00f3w. Psychoterapia &#8211; psycholodzy kliniczni pracuj\u0105 z osobami cierpi\u0105cymi na problemy emocjonalne, psychiczne i behawioralne. Pracuj\u0105 nad wspieraniem pacjent\u00f3w w radzeniu sobie &hellip; <\/p>\n","protected":false},"author":2,"featured_media":614,"parent":0,"menu_order":0,"comment_status":"closed","ping_status":"closed","template":"","meta":{"footnotes":""},"class_list":["post-127","page","type-page","status-publish","has-post-thumbnail","hentry"],"_links":{"self":[{"href":"https:\/\/psychologuj.pl\/psychologia\/wp-json\/wp\/v2\/pages\/127","targetHints":{"allow":["GET"]}}],"collection":[{"href":"https:\/\/psychologuj.pl\/psychologia\/wp-json\/wp\/v2\/pages"}],"about":[{"href":"https:\/\/psychologuj.pl\/psychologia\/wp-json\/wp\/v2\/types\/page"}],"author":[{"embeddable":true,"href":"https:\/\/psychologuj.pl\/psychologia\/wp-json\/wp\/v2\/users\/2"}],"replies":[{"embeddable":true,"href":"https:\/\/psychologuj.pl\/psychologia\/wp-json\/wp\/v2\/comments?post=127"}],"version-history":[{"count":2,"href":"https:\/\/psychologuj.pl\/psychologia\/wp-json\/wp\/v2\/pages\/127\/revisions"}],"predecessor-version":[{"id":3000,"href":"https:\/\/psychologuj.pl\/psychologia\/wp-json\/wp\/v2\/pages\/127\/revisions\/3000"}],"wp:featuredmedia":[{"embeddable":true,"href":"https:\/\/psychologuj.pl\/psychologia\/wp-json\/"}],"wp:attachment":[{"href":"https:\/\/psychologuj.pl\/psychologia\/wp-json\/wp\/v2\/media?parent=127"}],"curies":[{"name":"wp","href":"https:\/\/api.w.org\/{rel}","templated":true}]}}