{"id":1072,"date":"2024-03-26T09:56:57","date_gmt":"2024-03-26T08:56:57","guid":{"rendered":"https:\/\/psychologuj.pl\/psychologia\/?page_id=1072"},"modified":"2025-02-06T10:44:21","modified_gmt":"2025-02-06T09:44:21","slug":"wolontariat-psychologia-warszawa","status":"publish","type":"page","link":"https:\/\/psychologuj.pl\/psychologia\/wolontariat-psychologia-warszawa\/","title":{"rendered":"Wolontariat Psychologia Warszawa"},"content":{"rendered":"<h2>Poradnia Psychologiczno-Pedagogiczna nr 16 w Warszawie<\/h2>\n<p>Poradnia Psychologiczno-Pedagogiczna nr 16 w Warszawie jest publiczn\u0105 plac\u00f3wk\u0105 dzia\u0142aj\u0105c\u0105 w ramach systemu o\u015bwiaty Rzeczypospolitej Polskiej. Nadz\u00f3r pedagogiczny nad ni\u0105 sprawuje Mazowiecki Kurator O\u015bwiaty. W sk\u0142ad Poradni wchodz\u0105 Zesp\u00f3\u0142 Orzekaj\u0105cy oraz Zesp\u00f3\u0142 Wczesnego Wspomagania Rozwoju Dziecka. Ponadto, w plac\u00f3wce realizowane s\u0105 zaj\u0119cia terapeutyczne w ramach O\u015brodka Koordynacyjno-Rehabilitacyjno-Opieku\u0144czego (OKRO). Poradnia wchodzi w sk\u0142ad Warszawskiej Sieci Pomocy Dzieciom, a tak\u017ce pe\u0142ni rol\u0119 siedziby Dzielnicowego Centrum Integracji.<\/p>\n<p>Wolontariat w Poradni Psychologiczno-Pedagogicznej nr 16 jest dost\u0119pny dla student\u00f3w i m\u0142odzie\u017cy. Udzia\u0142 w takim wolontariacie to nie tylko mo\u017cliwo\u015b\u0107 dzielenia si\u0119 posiadanymi umiej\u0119tno\u015bciami, lecz tak\u017ce doskona\u0142a okazja do rozwijania i odkrywania w\u0142asnych talent\u00f3w oraz nawi\u0105zywania nowych znajomo\u015bci i przyja\u017ani. Zaanga\u017cowanie dla wolontariuszy to r\u00f3wnie\u017c sposobno\u015b\u0107 do odkrywania sensu pomagania innym, osi\u0105gania osobistych sukces\u00f3w oraz czerpania wewn\u0119trznej satysfakcji z czynienia dobra.<\/p>\n<p>Wolontariat w Poradni Psychologiczno-Pedagogicznej przynosi liczne korzy\u015bci. Opr\u00f3cz rozwijania empatii i zrozumienia dla potrzeb drugiego cz\u0142owieka, umacnia r\u00f3wnie\u017c poczucie w\u0142asnej warto\u015bci oraz uczy praktycznego wykorzystania zdobytej wiedzy. Dzi\u0119ki zaanga\u017cowaniu w takie dzia\u0142ania, wolontariusze maj\u0105 szans\u0119 rozwija\u0107 swoje umiej\u0119tno\u015bci spo\u0142eczne oraz kszta\u0142towa\u0107 cechy takie jak zaradno\u015b\u0107, odpowiedzialno\u015b\u0107 i samodzielno\u015b\u0107.<\/p>\n<p>Wszelkie dzia\u0142ania podejmowane przez wolontariuszy w Poradni odbywaj\u0105 si\u0119 zgodnie z zawart\u0105 Umow\u0105 o Wolontariacie i s\u0105 realizowane we wsp\u00f3\u0142pracy z pracownikami plac\u00f3wki. Zakres zada\u0144 wykonywanych przez wolontariuszy zale\u017cy od potrzeb samej poradni oraz klient\u00f3w, a tak\u017ce od mo\u017cliwo\u015bci i preferencji samego wolontariusza.<\/p>\n<p><strong>Kontakt<\/strong><\/p>\n<p>www.facebook.com\/PPPnr16<br \/>\nwww.ppp16.waw.pl<br \/>\nppp16@eduwarszawa.pl<br \/>\ntel: 22-610-21-32<br \/>\nul. Siennicka 40<br \/>\n04-393 Warszawa<\/p>\n<p>&nbsp;<\/p>\n<h2>Polska Fundacja Ochrony i Promocji Zdrowia<\/h2>\n<p>Polska Fundacja Ochrony i Promocji Zdrowia zaprasza student\u00f3w do udzia\u0142u w wolontariacie. Od 2019 roku fundacja prowadzi dzia\u0142ania na rzecz zdrowia psychicznego, rozwijaj\u0105c ofert\u0119 pomocow\u0105, baz\u0119 lokalow\u0105 oraz kompetencje. Specjalizuje si\u0119 w psychoterapii, wsparciu psychologicznym i pomocy w zakresie uzale\u017cnie\u0144. Realizuje wieloletnie programy terapeutyczne oraz dora\u017ane formy wsparcia, uwzgl\u0119dniaj\u0105c unikatowe do\u015bwiadczenia ka\u017cdej osoby oraz kontekst spo\u0142eczny. Dzia\u0142ania fundacji s\u0105 realizowane z zaanga\u017cowaniem, w duchu szacunku do drugiego cz\u0142owieka, poszanowania wolno\u015bci i godno\u015bci ka\u017cdej osoby.<\/p>\n<p>Fundacja specjalizuje si\u0119 w takich obszarach dzia\u0142ania jak:<\/p>\n<p>Wsparcie psychologiczne: Zapewnia pomoc osobom przechodz\u0105cym przez trudno\u015bci emocjonalne, takie jak kryzys ma\u0142\u017ce\u0144ski, \u017ca\u0142oba, do\u015bwiadczenie przemocy, poprzez terapi\u0119 indywidualn\u0105, grupow\u0105 i rodzinna, maj\u0105c na celu wzmocnienie zdolno\u015bci radzenia sobie z trudno\u015bciami.<br \/>\nPsychoterapia: Oferuje r\u00f3\u017cnorodne formy terapii, zar\u00f3wno indywidualnej, jak i grupowej, oparte na nowoczesnych metodach terapeutycznych, dostosowane do potrzeb klienta oraz oparte na najwy\u017cszych standardach etycznych.<br \/>\nSpecjalistyczna pomoc osobom uzale\u017cnionym: \u015awiadczy wsparcie psychologiczne i terapeutyczne osobom zmagaj\u0105cym si\u0119 z uzale\u017cnieniami od substancji psychoaktywnych oraz behawioralnych, zar\u00f3wno osobom uzale\u017cnionym, jak i ich rodzinom.<br \/>\nPomoc osobom wykluczonym spo\u0142ecznie: Udziela wsparcia psychologicznego osobom odczuwaj\u0105cym samotno\u015b\u0107 i bezradno\u015b\u0107 w spo\u0142ecze\u0144stwie poprzez spotkania indywidualne lub grupowe.<br \/>\nProfilaktyka zachowa\u0144 ryzykownych: Organizuje warsztaty profilaktyczne dla m\u0142odzie\u017cy, rodzic\u00f3w i nauczycieli, maj\u0105ce na celu podniesienie \u015bwiadomo\u015bci i umiej\u0119tno\u015bci w zakresie zdrowia fizycznego i psychicznego oraz budowanie pozytywnego klimatu szkolnego.<\/p>\n<p>Dzia\u0142ania prowadzone przez fundacj\u0119 kierowane s\u0105 do szerokiego spektrum odbiorc\u00f3w, a ich g\u0142\u00f3wnym celem jest poprawa jako\u015bci \u017cycia i zdrowia psychicznego spo\u0142eczno\u015bci lokalnych.<\/p>\n<p>Polska Fundacja Ochrony i Promocji Zdrowia poszukuje student\u00f3w I-III roku kierunk\u00f3w takich jak psychologia, pedagogika oraz resocjalizacja, zainteresowanych tematyk\u0105 z zakresu psychologii i psychoterapii, zw\u0142aszcza zdrowego stylu \u017cycia, psychologii spo\u0142ecznej oraz profilaktyki uzale\u017cnie\u0144.<\/p>\n<p>Jako wolontariusz Fundacji, b\u0119dziesz mia\u0142\/a okazj\u0119 promowa\u0107 wiedz\u0119 na temat zdrowia psychicznego i wp\u0142ywa\u0107 na kszta\u0142towanie prozdrowotnych postaw w spo\u0142ecze\u0144stwie poprzez:<\/p>\n<p>Nagrywanie, montowanie i ud\u017awi\u0119kawianie materia\u0142\u00f3w filmowych do publikacji na kanale YouTube Fundacji,<br \/>\nPublikowanie i prowadzenie kana\u0142u YouTube Fundacji,<br \/>\nPrzygotowywanie tre\u015bci merytorycznych do nagra\u0144 filmowych, skupiaj\u0105cych si\u0119 na zagadnieniach z psychologii spo\u0142ecznej, psychologii rozwojowej, profilaktyki uzale\u017cnie\u0144 oraz pedagogiki,<br \/>\nUdzia\u0142 w inicjatywach Fundacji, takich jak pikniki organizacji pozarz\u0105dowych.<\/p>\n<p>Profil idealnego wolontariusza obejmuje:<\/p>\n<p>Wiek od 19 do 23 lat,<br \/>\nStudia na kierunkach psychologia, pedagogika lub resocjalizacja (I-III rok),<br \/>\nDyspozycyjno\u015b\u0107 przynajmniej raz w tygodniu, nie mniej ni\u017c przez godzin\u0119,<br \/>\nGotowo\u015b\u0107 do uczestnictwa w spotkaniach, szkoleniach i kursach organizowanych przez Fundacj\u0119,<br \/>\nZaanga\u017cowanie w dzia\u0142ania prowadzone w ramach oferty wolontariatu,<br \/>\nWsp\u00f3\u0142prac\u0119 z personelem Fundacji oraz koordynatorem wolontariatu.<\/p>\n<p><strong>Kontakt<\/strong><\/p>\n<p>tel.: +48 501 13 77 33<br \/>\ne-mmail: kontakt@zdrowafundacja.pl<br \/>\nwww.zdrowafundacja.pl<br \/>\nul. Krucza 6\/14 B lok.2,<br \/>\n00-537 Warszawa<\/p>\n<p>&nbsp;<\/p>\n<h2>Fundacja Nagle Sami<\/h2>\n<p>Fundacja Nagle Sami powsta\u0142a z my\u015bl\u0105 o osobach, kt\u00f3re do\u015bwiadczy\u0142y r\u00f3\u017cnych strat, takich jak \u015bmier\u0107 bliskiej osoby, poronienie, rozstanie z partnerem czy utrata pracy. Z pomocy fundacji mog\u0105 korzysta\u0107 osoby i rodziny, kt\u00f3re do\u015bwiadczy\u0142y straty bliskich i potrzebuj\u0105 wsparcia na r\u00f3\u017cnych etapach \u017ca\u0142oby, mog\u0105 skorzysta\u0107 z pomocy. Osoby, kt\u00f3re przechodz\u0105 przez powa\u017cny kryzys w \u017cyciu i poszukuj\u0105 wsparcia, r\u00f3wnie\u017c znajd\u0105 wsparcie w fundacji. Dzieci, kt\u00f3re straci\u0142y bliskich cz\u0142onk\u00f3w rodziny, mog\u0105 otrzyma\u0107 wsparcie i pomoc w radzeniu sobie z traum\u0105. Rodziny, przyjaciele, znajomi i wsp\u00f3\u0142pracownicy os\u00f3b dotkni\u0119tych strat\u0105 mog\u0105 r\u00f3wnie\u017c skorzysta\u0107 z pomocy i wsparcia. Przedstawiciele instytucji, kt\u00f3rzy z urz\u0119du \u015bwiadcz\u0105 pomoc osobom po stracie, mog\u0105 korzysta\u0107 z zasob\u00f3w i wsparcia fundacji. Szko\u0142y, kt\u00f3re potrzebuj\u0105 wsparcia w zwi\u0105zku ze \u015bmierci\u0105 lub \u017ca\u0142ob\u0105 ucznia, mog\u0105 otrzyma\u0107 wsparcie i porady od fundacji. Organizacje, firmy i instytucje do\u015bwiadczaj\u0105ce kryzysu zwi\u0105zanego ze strat\u0105, tak\u0105 jak \u015bmier\u0107 lub \u017ca\u0142oba pracownika, mog\u0105 otrzyma\u0107 wsparcie i konsultacje od fundacji.<\/p>\n<p>Fundacja oferujepomoc w postaci indywidualnej pomoc psychologicznej dla os\u00f3b potrzebuj\u0105cych wsparcia. Prowadzeni r\u00f3wnie\u017c grupy wsparcia, gdzie osoby mog\u0105 dzieli\u0107 si\u0119 swoimi do\u015bwiadczeniami i wzajemnie si\u0119 wspiera\u0107. Oferuje r\u00f3wnie\u017c\u00a0 pomoc skierowan\u0105 zar\u00f3wno do dzieci, jak i ich rodzic\u00f3w, aby pom\u00f3c im radzi\u0107 sobie z trudno\u015bciami. Prowadzi bezp\u0142atn\u0105 lini\u0119 wsparcia telefonicznego dla os\u00f3b w \u017ca\u0142obie, dost\u0119pn\u0105 od poniedzia\u0142ku do pi\u0105tku. Organizuje warsztaty i szkolenia dla specjalist\u00f3w oraz kadry pedagogicznej i pracodawc\u00f3w. \u015awiadczy r\u00f3wnie\u017c wsparcie w formie interwencji kryzysowej oraz pakiet\u00f3w wsparcia dla r\u00f3\u017cnych organizacji.<\/p>\n<p>Nab\u00f3r na roczny sta\u017c psychologiczny fundacja przeprowadza raz w roku, zwykle w styczniu, informacje o rekrutacjach publikuje w mediach spo\u0142eczno\u015bciowych. Fundacja wsp\u00f3\u0142pracuje ze studentami IV i V roku oraz absolwentami psychologii, kt\u00f3rzy posiadaj\u0105 wiedz\u0119 i do\u015bwiadczenie w zakresie pomocy psychologicznej i nie boj\u0105 si\u0119 podejmowania trudnych temat\u00f3w, takich jak \u015bmier\u0107, strata i \u017ca\u0142oba. Sta\u017c obejmuje uczestnictwo w spotkaniach zespo\u0142u, superwizjach, szkoleniach tematycznych oraz pe\u0142nienie dy\u017cur\u00f3w przy Telefonie Wsparcia.<\/p>\n<p><strong>Kontakt<\/strong><\/p>\n<p>Fundacja Nagle Sami<br \/>\nAl. Wojska Polskiego 1A, 01-524 Warszawa &#8211; \u017boliborz<br \/>\nTelefon: 502 511 138<br \/>\nwww.naglesami.org.pl<br \/>\ne-mail: info@naglesami.org.pl<br \/>\nwww.facebook.com\/NagleSami<br \/>\nwww.instagram.com\/fundacja_nagle_sami\/<\/p>\n<p>&nbsp;<\/p>\n<h2>Wojskowy Instytut Medyczny w Warszawie<\/h2>\n<p>Wojskowy Instytut Medyczny w Warszawie oferuje r\u00f3\u017cnorodne formy dokszta\u0142cania dla przysz\u0142ej kadry medycznej, prowadzone przez wybitnych specjalist\u00f3w. Centrum Kszta\u0142cenia Podyplomowego WIM dostarcza wszystkich niezb\u0119dnych informacji dotycz\u0105cych formalno\u015bci zwi\u0105zanych z uczestnictwem. Instytut umo\u017cliwia realizacj\u0119 praktyk klinicznych oraz wolontariat\u00f3w, doszkalaj\u0105cych z zakresu psychologii i medycyny.<\/p>\n<p>W Wojskowym Instytucie Medycznym mo\u017cna odby\u0107 wolontariat, kt\u00f3ry jest formalizowany poprzez indywidualn\u0105 umow\u0119 z ka\u017cdym wolontariuszem. Mo\u017cliwo\u015b\u0107 odbycia wolontariatu istnieje zar\u00f3wno w Szpitalu przy ul. Szaser\u00f3w 128 w Warszawie, jak i w Szpitalu w Legionowie &#8211; filii Wojskowego Instytutu Medycznego. Wolontariuszem mo\u017ce zosta\u0107 student (je\u015bli wolontariat nie jest cz\u0119\u015bci\u0105 programu studi\u00f3w), osoba z wykszta\u0142ceniem \u015brednim lub wy\u017cszym, chc\u0105ca rozwija\u0107 umiej\u0119tno\u015bci w ramach posiadanych kwalifikacji do zawod\u00f3w medycznych, oraz osoba przygotowuj\u0105ca si\u0119 do kszta\u0142cenia w zawodach medycznych. Osoba zainteresowana wolontariatem musi z\u0142o\u017cy\u0107 podanie o przyj\u0119cie na wolontariat w oryginale w Centrum Kszta\u0142cenia Podyplomowego WIM co najmniej 14 dni przed planowanym rozpocz\u0119ciem. Po otrzymaniu potwierdzenia mo\u017cliwo\u015bci odbycia wolontariatu, nale\u017cy przes\u0142a\u0107 skany wymaganych dokument\u00f3w.<\/p>\n<h2>Kontakt<\/h2>\n<p>Wojskowy Instytut Medyczny<br \/>\nul. Szaser\u00f3w 128<br \/>\n04-141 Warszawa<br \/>\nwww.wim.mil.pl<\/p>\n<p>&nbsp;<\/p>\n<h2>Fundacja \u201eDobrze, \u017ce jeste\u015b\u201d<\/h2>\n<p>Fundacja \u201eDobrze, \u017ce jeste\u015b\u201d jest organizacj\u0105 pozarz\u0105dow\u0105 o statusie organizacji po\u017cytku publicznego, kt\u00f3rej wolontariusze ka\u017cdego dnia zapewniaj\u0105 sta\u0142\u0105 pomoc na oddzia\u0142ach onkologicznych i hematologicznych (ponad 40 tysi\u0119cy godzin rocznie). Od 2005 roku Fundacja dzia\u0142a w szpitalach w <a href=\"https:\/\/psychologuj.pl\/specjalisci\/warszawa-c10531926\">Warszawie<\/a>, <a href=\"https:\/\/psychologuj.pl\/specjalisci\/krakow-c6094802\">Krakowie<\/a>, <a href=\"https:\/\/psychologuj.pl\/specjalisci\/gdansk-c6099434\">Gda\u0144sku<\/a>, <a href=\"https:\/\/psychologuj.pl\/specjalisci\/wroclaw-c6081368\">Wroc\u0142awiu<\/a> i <a href=\"https:\/\/psychologuj.pl\/specjalisci\/poznan-c6088171\">Poznaniu<\/a>, obs\u0142uguj\u0105c 31 oddzia\u0142\u00f3w. Fundacja pomaga ponad 28 tysi\u0105com pacjent\u00f3w rocznie, zapewniaj\u0105c ci\u0105g\u0142\u0105 obecno\u015b\u0107 ponad 200 wolontariuszy w 12 szpitalach w pi\u0119ciu miastach. Fundacja \u201eDobrze, \u017ce jeste\u015b\u201d bazuje na chrze\u015bcija\u0144skich warto\u015bciach wiary i poszanowania cz\u0142owieka, ma czternastoletnie do\u015bwiadczenie w organizacji wolontariatu. Jej dzia\u0142alno\u015b\u0107 nie tylko przynosi ulg\u0119 pacjentom, ale tak\u017ce rozwija wra\u017cliwo\u015b\u0107, zaradno\u015b\u0107 i umiej\u0119tno\u015b\u0107 dzia\u0142ania w kryzysie u wolontariuszy.<\/p>\n<p>Wolontariat organizowany przez Fundacj\u0119 to sta\u0142a pomoc wymagaj\u0105ca systematycznej rekrutacji, szkole\u0144, koordynacji dy\u017cur\u00f3w oraz wsp\u00f3\u0142pracy ze szpitalami. W Warszawie wolontariusze dzia\u0142aj\u0105 na 13 oddzia\u0142ach w trzech plac\u00f3wkach: Narodowym Instytucie Onkologii im. Marii Sk\u0142odowskiej-Curie, Instytucie Hematologii i Transfuzjologii oraz w Klinice Hematologii Samodzielnego Publicznego Centralnego Szpitala Klinicznego. Fundacja \u201eDobrze, \u017ce jeste\u015b\u201d anga\u017cuje wolontariuszy, kt\u00f3rzy przez ca\u0142y tydzie\u0144 wspieraj\u0105 doros\u0142ych pacjent\u00f3w onkologicznych na oddzia\u0142ach szpitalnych. Wolontariusze pomagaj\u0105 w codziennych czynno\u015bciach, takich jak zakupy, transport na badania, kontakt z rodzin\u0105, proste czynno\u015bci piel\u0119gnacyjne, wypo\u017cyczanie ksi\u0105\u017cek oraz organizacja \u015bwi\u0105t i akcji na oddzia\u0142ach. Kluczowym elementem ich pracy jest obecno\u015b\u0107, rozmowa i wsparcie emocjonalne.<\/p>\n<p>Ka\u017cdy wolontariusz po\u015bwi\u0119ca jeden dzie\u0144 w tygodniu na dy\u017cur w szpitalu, kt\u00f3ry trwa minimum trzy godziny. Fundacja dzia\u0142a r\u00f3wnie\u017c na rzecz poprawy jako\u015bci \u017cycia pacjent\u00f3w poprzez wydawanie publikacji, organizacj\u0119 konferencji i wydarze\u0144 kulturalnych, takich jak wsp\u00f3lne wyj\u015bcia do teatru, muze\u00f3w i organizacj\u0119 warsztat\u00f3w artystycznych. Ponadto, fundacja promuje zdrowy tryb \u017cycia, prowadzi Przyjazn\u0105 Poczekalni\u0119 dla pacjent\u00f3w we Wroc\u0142awiu i Poznaniu, W\u0119druj\u0105ce Biblioteki na oddzia\u0142ach szpitalnych i jest otwarta na nowe pomys\u0142y i propozycje wolontariuszy.<\/p>\n<p><strong>Kontakt<\/strong><\/p>\n<p>Fundacja DOBRZE \u017bE JESTE\u015a<br \/>\nul. Pogodna 2\/5<br \/>\n00-785 Warszawa<br \/>\nwarszawa@dobrzezejestes.pl<br \/>\ntel. 515 095 976<\/p>\n<hr \/>\n<p><a href=\"https:\/\/psychologuj.pl\/psychologia\/wolontariat-psychologiczny\/\"><strong>Wolontariat psychologiczny<\/strong><\/a> |\u00a0<strong><a href=\"https:\/\/psychologuj.pl\/specjalisci\/psycholog_warszawa-c10531926\">Psycholog Warszawa<\/a> |\u00a0<a href=\"https:\/\/psychologuj.pl\/specjalisci\/psychoterapeuta_warszawa-c10531926\">Psychoterapia Warszawa<\/a><\/strong><\/p>\n\n\n<div class=\"kk-star-ratings kksr-auto kksr-align-left kksr-valign-bottom\"\n    data-payload='{&quot;align&quot;:&quot;left&quot;,&quot;id&quot;:&quot;1072&quot;,&quot;slug&quot;:&quot;default&quot;,&quot;valign&quot;:&quot;bottom&quot;,&quot;ignore&quot;:&quot;&quot;,&quot;reference&quot;:&quot;auto&quot;,&quot;class&quot;:&quot;&quot;,&quot;count&quot;:&quot;3&quot;,&quot;legendonly&quot;:&quot;&quot;,&quot;readonly&quot;:&quot;&quot;,&quot;score&quot;:&quot;4.7&quot;,&quot;starsonly&quot;:&quot;&quot;,&quot;best&quot;:&quot;5&quot;,&quot;gap&quot;:&quot;5&quot;,&quot;greet&quot;:&quot;Twoja ocena&quot;,&quot;legend&quot;:&quot;Ocena 4.7\\\/5 - (3 g\u0142os\u00f3w)&quot;,&quot;size&quot;:&quot;24&quot;,&quot;title&quot;:&quot;Wolontariat Psychologia Warszawa&quot;,&quot;width&quot;:&quot;133.8&quot;,&quot;_legend&quot;:&quot;Ocena {score}\\\/{best} - ({count} g\u0142os\u00f3w)&quot;,&quot;font_factor&quot;:&quot;1.25&quot;}'>\n            \n<div class=\"kksr-stars\">\n    \n<div class=\"kksr-stars-inactive\">\n            <div class=\"kksr-star\" data-star=\"1\" style=\"padding-right: 5px\">\n            \n\n<div class=\"kksr-icon\" style=\"width: 24px; height: 24px;\"><\/div>\n        <\/div>\n            <div class=\"kksr-star\" data-star=\"2\" style=\"padding-right: 5px\">\n            \n\n<div class=\"kksr-icon\" style=\"width: 24px; height: 24px;\"><\/div>\n        <\/div>\n            <div class=\"kksr-star\" data-star=\"3\" style=\"padding-right: 5px\">\n            \n\n<div class=\"kksr-icon\" style=\"width: 24px; height: 24px;\"><\/div>\n        <\/div>\n            <div class=\"kksr-star\" data-star=\"4\" style=\"padding-right: 5px\">\n            \n\n<div class=\"kksr-icon\" style=\"width: 24px; height: 24px;\"><\/div>\n        <\/div>\n            <div class=\"kksr-star\" data-star=\"5\" style=\"padding-right: 5px\">\n            \n\n<div class=\"kksr-icon\" style=\"width: 24px; height: 24px;\"><\/div>\n        <\/div>\n    <\/div>\n    \n<div class=\"kksr-stars-active\" style=\"width: 133.8px;\">\n            <div class=\"kksr-star\" style=\"padding-right: 5px\">\n            \n\n<div class=\"kksr-icon\" style=\"width: 24px; height: 24px;\"><\/div>\n        <\/div>\n            <div class=\"kksr-star\" style=\"padding-right: 5px\">\n            \n\n<div class=\"kksr-icon\" style=\"width: 24px; height: 24px;\"><\/div>\n        <\/div>\n            <div class=\"kksr-star\" style=\"padding-right: 5px\">\n            \n\n<div class=\"kksr-icon\" style=\"width: 24px; height: 24px;\"><\/div>\n        <\/div>\n            <div class=\"kksr-star\" style=\"padding-right: 5px\">\n            \n\n<div class=\"kksr-icon\" style=\"width: 24px; height: 24px;\"><\/div>\n        <\/div>\n            <div class=\"kksr-star\" style=\"padding-right: 5px\">\n            \n\n<div class=\"kksr-icon\" style=\"width: 24px; height: 24px;\"><\/div>\n        <\/div>\n    <\/div>\n<\/div>\n                \n\n<div class=\"kksr-legend\" style=\"font-size: 19.2px;\">\n            Ocena 4.7\/5 - (3 g\u0142os\u00f3w)    <\/div>\n    <\/div>\n","protected":false},"excerpt":{"rendered":"<p>Poradnia Psychologiczno-Pedagogiczna nr 16 w Warszawie Poradnia Psychologiczno-Pedagogiczna nr 16 w Warszawie jest publiczn\u0105 plac\u00f3wk\u0105 dzia\u0142aj\u0105c\u0105 w ramach systemu o\u015bwiaty Rzeczypospolitej Polskiej. Nadz\u00f3r pedagogiczny nad ni\u0105 sprawuje Mazowiecki Kurator O\u015bwiaty. W sk\u0142ad Poradni wchodz\u0105 Zesp\u00f3\u0142 Orzekaj\u0105cy oraz Zesp\u00f3\u0142 Wczesnego Wspomagania Rozwoju Dziecka. Ponadto, w plac\u00f3wce realizowane s\u0105 zaj\u0119cia terapeutyczne w ramach O\u015brodka Koordynacyjno-Rehabilitacyjno-Opieku\u0144czego (OKRO). Poradnia wchodzi w sk\u0142ad Warszawskiej Sieci Pomocy Dzieciom, a tak\u017ce pe\u0142ni rol\u0119 siedziby Dzielnicowego Centrum Integracji. Wolontariat w Poradni Psychologiczno-Pedagogicznej nr 16 jest dost\u0119pny dla student\u00f3w i m\u0142odzie\u017cy. Udzia\u0142 w takim wolontariacie to nie tylko mo\u017cliwo\u015b\u0107 dzielenia si\u0119 posiadanymi umiej\u0119tno\u015bciami, lecz tak\u017ce doskona\u0142a okazja do rozwijania &hellip; <\/p>\n","protected":false},"author":2,"featured_media":0,"parent":0,"menu_order":0,"comment_status":"closed","ping_status":"closed","template":"","meta":{"footnotes":""},"class_list":["post-1072","page","type-page","status-publish","hentry"],"_links":{"self":[{"href":"https:\/\/psychologuj.pl\/psychologia\/wp-json\/wp\/v2\/pages\/1072","targetHints":{"allow":["GET"]}}],"collection":[{"href":"https:\/\/psychologuj.pl\/psychologia\/wp-json\/wp\/v2\/pages"}],"about":[{"href":"https:\/\/psychologuj.pl\/psychologia\/wp-json\/wp\/v2\/types\/page"}],"author":[{"embeddable":true,"href":"https:\/\/psychologuj.pl\/psychologia\/wp-json\/wp\/v2\/users\/2"}],"replies":[{"embeddable":true,"href":"https:\/\/psychologuj.pl\/psychologia\/wp-json\/wp\/v2\/comments?post=1072"}],"version-history":[{"count":3,"href":"https:\/\/psychologuj.pl\/psychologia\/wp-json\/wp\/v2\/pages\/1072\/revisions"}],"predecessor-version":[{"id":2791,"href":"https:\/\/psychologuj.pl\/psychologia\/wp-json\/wp\/v2\/pages\/1072\/revisions\/2791"}],"wp:attachment":[{"href":"https:\/\/psychologuj.pl\/psychologia\/wp-json\/wp\/v2\/media?parent=1072"}],"curies":[{"name":"wp","href":"https:\/\/api.w.org\/{rel}","templated":true}]}}